{"id":122,"date":"2024-04-28T22:00:57","date_gmt":"2024-04-28T22:00:57","guid":{"rendered":"https:\/\/blog.yoopies.ch\/garde-d-enfant-cv-baby-sitter\/"},"modified":"2025-06-12T08:47:14","modified_gmt":"2025-06-12T08:47:14","slug":"garde-d-enfant-cv-baby-sitter","status":"publish","type":"page","link":"https:\/\/yoopies.ch\/c\/garde-d-enfant-cv-baby-sitter\/","title":{"rendered":"Garde d&rsquo;enfant : Exemple de CV de baby-sitter"},"content":{"rendered":"<p><p>Une baby-sitter accomplit des missions de garde d&rsquo;enfant au domicile des parents qui l&#8217;emploie. Ces derniers peuvent aussi bien &ecirc;tre en t&eacute;l&eacute;travail et donc &ecirc;tre pr&eacute;sents &agrave; la maison qu&rsquo;absents. Une baby-sitter peut &ecirc;tre amen&eacute;e &agrave; garder un ou plusieurs enfants, g&eacute;n&eacute;ralement &acirc;g&eacute;s de 3 mois &agrave; 10 ans. A la diff&eacute;rence d&rsquo;une nounou, la baby-sitter n&rsquo;effectue pas de t&acirc;ches suppl&eacute;mentaires comme la cuisine, le m&eacute;nage&hellip;Elle se concentre uniquement sur les enfants pendant quelques heures et construit une relation temporaire avec eux. <\/p>\n<\/p>\n<h2><strong>Sommaire<\/strong><\/h2>\n<ul>\n<li><a href=\"https:\/\/#h2-2\">Inclure un profil au CV de baby sitting <\/a><\/li>\n<li><a href=\"https:\/\/#h2-3\">L&rsquo;exp&eacute;rience professionnelle sur le CV d&rsquo;une baby-sitter <\/a><\/li>\n<li><a href=\"https:\/\/#h2-4\">Les certificats &agrave; ne pas n&eacute;gliger !   <\/a><\/li>\n<li><a href=\"https:\/\/#h2-5\">Les qualit&eacute;s d&rsquo;une baby-sitter <\/a><\/li>\n<li><a href=\"https:\/\/#h2-6\">Les centres d&rsquo;int&eacute;r&ecirc;ts pour &ecirc;tre baby sitter <\/a><\/li>\n<\/ul>\n<p class=\"block-img\"><img decoding=\"async\" src=\"https:\/\/yoopies.ch\/c\/wp-content\/uploads\/sites\/10\/2024\/04\/fc437124-3b53-43bd-bc6b-d05f8d7471a1_CVbabysitting.jpg\" alt=\"Cv baby-sitter\"><\/p>\n<\/p>\n<h2><strong>Inclure un profil au CV de baby sitting<\/strong><\/h2>\n<\/p>\n<p>La rubrique Profil, situ&eacute;e tout en haut du CV, est tr&egrave;s peu utilis&eacute;e par les postulants mais est un excellent moyen d&rsquo;accrocher les recruteurs. C&rsquo;est une belle occasion de mettre en valeur ses comp&eacute;tences de fa&ccedil;on br&egrave;ve et visible, l&rsquo;exp&eacute;rience en mati&egrave;re de garde d&rsquo;enfant ainsi que les comp&eacute;tences particuli&egrave;res comme la BAFA par exemple. Cette rubrique permet &agrave; la baby-sitter de parler d&#8217;embl&eacute;e de ses capacit&eacute;s &agrave; occuper le poste et donc de rassurer l&#8217;employeur. <\/p>\n<p><em>Exemple de rubrique Profil dans un CV <\/em><\/p>\n<p>\u00ab\u00a0Je travaille en tant que baby-sitter depuis 7 ans. Passionn&eacute;e par le monde des enfants, et &eacute;tant quelqu&rsquo;un de tr&egrave;s dynamique et souriante, je suis disponible toute la semaine de 7h00 &agrave; 20h00. Je peux &eacute;galement me rendre disponible pour des missions le soir. J&rsquo;aime partager ma passion pour les langues : ainsi je serai en mesure de les initier aux langues &eacute;trang&egrave;res durant mes gardes.\u00a0\u00bb<\/p>\n<h4><\/h4>\n<h2><strong>L&rsquo;exp&eacute;rience professionnelle sur le CV de baby-sitter<\/strong><\/h2>\n<\/p>\n<p>&Ecirc;tre baby sitter est un m&eacute;tier tr&egrave;s riche qui ne se limite pas uniquement &agrave; la <a target=\"_blank\" rel=\"noopener\" href=\"https:\/\/yoopies.ch\/c\/baby-sitter-sortie-ecole\">sortie d&rsquo;&eacute;cole<\/a> ou &agrave; la prise du repas durant l&rsquo;absence des parents. Une baby-sitter est une personne qui s&rsquo;assoit avec les enfants, joue avec eux, et surtout garde un &oelig;il sur eux jusqu&rsquo;&agrave; ce que les parents rentrent &agrave; la maison. Ces derniers peuvent avoir beaucoup d&rsquo;attentes et c&rsquo;est votre devoir en tant que candidate &agrave; un poste de baby-sitter, de les rassurer en mettant en valeur vos <strong>exp&eacute;riences de baby-sitter<\/strong>. Il faut donc prendre le temps de d&eacute;crire au mieux les diff&eacute;rentes t&acirc;ches que vous avez effectu&eacute;es durant vos missions pr&eacute;c&eacute;dentes. Ces crit&egrave;res permettront par la suite de d&eacute;finir le<strong> tarif baby sitting <\/strong>avec l&#8217;employeur. <\/p>\n<p>Il peut &ecirc;tre judicieux d&rsquo;ins&eacute;rer dans cette rubrique une phrase br&egrave;ve permettant de d&eacute;crire l&rsquo;environnement dans lequel vous avez travaill&eacute; ainsi que l&rsquo;&acirc;ge des enfants puis les t&acirc;ches sous forme d&rsquo;une liste. <\/p>\n<p><em>Exemple de la rubrique \u00ab\u00a0Exp&eacute;rience professionnelle\u00a0\u00bb dans un CV baby-sitter : <\/em><\/p>\n<p>1) R&eacute;pondre aux diff&eacute;rents besoins des enfants &acirc;g&eacute;s de 3 &agrave; 8 ans lors de l&rsquo;absence des parents :<\/p>\n<ul>\n<li>Sortie d&rsquo;&eacute;cole<\/li>\n<li>Aide aux devoirs<\/li>\n<li>Aide &agrave; la prise du bain et &agrave; la prise du repas<\/li>\n<li>Activit&eacute;s extra-scolaires<\/li>\n<\/ul>\n<p>2) Garde d&rsquo;enfants de 6 mois &agrave; 3 ans :<\/p>\n<ul>\n<li>Garde d&rsquo;enfants en journ&eacute;e et en soir&eacute;e <\/li>\n<li>Sortie de cr&egrave;che<\/li>\n<li>Activit&eacute;s pour le d&eacute;veloppement de la cr&eacute;ativit&eacute; des enfants<\/li>\n<li>Aide et encouragement au d&eacute;veloppement d&rsquo;attitudes positives et respectueuses<\/li>\n<\/ul>\n<h4><\/h4>\n<\/p>\n<p class=\"highlighted\">\n<p>\ud83d\udca1Les t&acirc;ches d&rsquo;une baby-sitter varient en fonction de l&rsquo;&acirc;ge des enfants et des besoins des parents &agrave; la recherche d&rsquo;une baby sitter. S&rsquo;occuper des devoirs des enfants ne demande pas le m&ecirc;me effort et les m&ecirc;mes comp&eacute;tences que la cr&eacute;ation de jeux ou d&rsquo;activit&eacute;s pour le d&eacute;veloppement de leur culture, ou encore le d&eacute;veloppement de leur intelligence. Il serait donc avantageux pour la baby-sitter de l&rsquo;indiquer dans le CV pour se d&eacute;marquer des autres candidats.<\/p>\n<\/p>\n<p><h2><\/h2>\n<h4><\/h4>\n<h2><strong>Les qualit&eacute;s d&rsquo;une baby-sitter <\/strong><\/h2>\n<\/p>\n<p>Laisser un enfant avec une baby-sitter n&rsquo;est pas chose facile pour les parents ! La garde d&rsquo;enfants doit &ecirc;tre tr&egrave;s comp&eacute;tente et fiable. Voici 10 qualit&eacute;s qu&rsquo;elle doit mentionner dans son <a target=\"_blank\" rel=\"noopener\" href=\"https:\/\/yoopies.ch\/emploi-baby-sitting\">annonce babysitting<\/a> ou CV baby-sitter, et auxquelles elle doit r&eacute;pondre pour esp&eacute;rer d&eacute;crocher un emploi et mettre en confiance les parents en <a target=\"_blank\" rel=\"noopener\" href=\"https:\/\/yoopies.ch\/emploi-baby-sitting\">recherche d&rsquo;une baby sitter <\/a>fiable: <\/p>\n<\/p>\n<p>1  Elle est exp&eacute;riment&eacute;e<\/p>\n<p>2. Elle est tr&egrave;s motiv&eacute;e<\/p>\n<p>3. Elle est r&eacute;active<\/p>\n<p>4. Elle adore les b&eacute;b&eacute;s\/enfants<\/p>\n<p>5. Elle a des r&eacute;f&eacute;rences (t&eacute;moignage sur la responsabilit&eacute;, la fiabilit&eacute; et la capacit&eacute; de la baby-sitter &agrave; travailler avec les enfants)<\/p>\n<p>6. Elle est patiente<\/p>\n<p>7. Elle est s&eacute;rieuse<\/p>\n<p>8. Elle est ponctuelle et disponible<\/p>\n<p>9. Elle est flexible <\/p>\n<p>10. Elle est observatrice et assure pleinement la s&eacute;curit&eacute; des enfants. <\/p>\n<\/p>\n<h2><strong>Les centres d&rsquo;int&eacute;r&ecirc;ts pour &ecirc;tre baby sitter <\/strong><\/h2>\n<\/p>\n<p>Une activit&eacute; extra-professionnelle, comme par exemple l&rsquo;art plastique ou la danse, peut &ecirc;tre mentionn&eacute;e dans le CV si elle constitue une valeur ajout&eacute;e pour le profil de la candidate.  La baby sitter a pour r&ocirc;le d&rsquo;aider les enfants &agrave; grandir. Les centres d&rsquo;int&eacute;r&ecirc;t donneront une vision de sa personnalit&eacute; qui peut s&rsquo;av&eacute;rer utile aux parents &agrave; la recherche d&rsquo;une baby sitter et qui verront le CV et permettront de la distinguer. Ces mentions leur donneront une premi&egrave;re id&eacute;e de ce que la baby-sitter pourrait faire avec leurs enfants. <\/p>\n<\/p>\n<p class=\"highlighted\">\n<p><strong>\ud83d\udca1L<\/strong>es parents &agrave; la recherche d&rsquo;une baby sitter souhaitent une personne s&eacute;rieuse et digne de confiance. Ce sont des qualit&eacute;s qui peuvent &ecirc;tre transmises par une&nbsp;p<strong>hoto.<\/strong> La photo n&rsquo;est pas un &eacute;l&eacute;ment obligatoire sur un CV mais un CV baby-sitter avec une photo aura plus de chance d&rsquo;&ecirc;tre retenu par les parents qu&rsquo;un CV sans photo. Une photo d&rsquo;une bonne qualit&eacute;, sur laquelle la baby-sitter sourit, peut devenir un petit plus permettant de faire passer son profil devant un autre. Certains recruteurs impriment les CV pour faire leur s&eacute;lection alors il faut penser &agrave; ne pas mettre une photo trop sombre. <\/p>\n<\/p>\n<p><p><a target=\"_blank\" rel=\"noopener\" href=\"https:\/\/yoopies.ch\/c\/annonce-baby-sitting-lettre-de-motivation-garde-d-enfant\">R&eacute;diger une lettre de motivation baby-sitting<\/a> serait un r&eacute;el avantage pour la candidature d&rsquo;une baby-sitter afin de d&eacute;crocher un emploi rapidement. Consultez vite cet article afin de poster votre <a target=\"_blank\" rel=\"noopener\" href=\"https:\/\/yoopies.ch\/emploi-baby-sitting\">annonce baby sitting <\/a>et r&eacute;diger la lettre de motivation baby sitting. <\/p><\/p>\n","protected":false},"excerpt":{"rendered":"<p>Une baby-sitter accomplit des missions de garde d&rsquo;enfant au domicile des parents qui l&#8217;emploie. Ces &hellip; <\/p>\n","protected":false},"author":10,"featured_media":124,"parent":0,"menu_order":0,"comment_status":"closed","ping_status":"closed","template":"","meta":{"_acf_changed":false,"footnotes":""},"class_list":["post-122","page","type-page","status-publish","has-post-thumbnail","hentry"],"acf":[],"yoast_head":"<!-- This site is optimized with the Yoast SEO plugin v26.9 - https:\/\/yoast.com\/product\/yoast-seo-wordpress\/ -->\n<title>Garde d&#039;enfant : Exemple de CV de baby-sitter<\/title>\n<meta name=\"description\" content=\"Cet exemple de CV baby-sitter permettra de r\u00e9diger la v\u00f4tre et de montrer aux parents que vous \u00eates digne de confiance pour faire du baby-sitting.\" \/>\n<meta name=\"robots\" content=\"index, follow, max-snippet:-1, max-image-preview:large, max-video-preview:-1\" \/>\n<link rel=\"canonical\" href=\"https:\/\/yoopies.ch\/c\/garde-d-enfant-cv-baby-sitter\/\" \/>\n<meta property=\"og:locale\" content=\"fr_FR\" \/>\n<meta property=\"og:type\" content=\"article\" \/>\n<meta property=\"og:title\" content=\"Garde d&#039;enfant : Exemple de CV de baby-sitter\" \/>\n<meta property=\"og:description\" content=\"Cet exemple de CV baby-sitter permettra de r\u00e9diger la v\u00f4tre et de montrer aux parents que vous \u00eates digne de confiance pour faire du baby-sitting.\" \/>\n<meta property=\"og:url\" content=\"https:\/\/yoopies.ch\/c\/garde-d-enfant-cv-baby-sitter\/\" \/>\n<meta property=\"og:site_name\" content=\"Le Blog Yoopies Suisse\" \/>\n<meta property=\"article:modified_time\" content=\"2025-06-12T08:47:14+00:00\" \/>\n<meta property=\"og:image\" content=\"https:\/\/yoopies.ch\/c\/wp-content\/uploads\/sites\/10\/2024\/04\/60e54387-37fd-40d9-8b84-28a720ae1c4b-cv-baby-sitter.jpg\" \/>\n\t<meta property=\"og:image:width\" content=\"1200\" \/>\n\t<meta property=\"og:image:height\" content=\"800\" \/>\n\t<meta property=\"og:image:type\" content=\"image\/jpeg\" \/>\n<meta name=\"twitter:card\" content=\"summary_large_image\" \/>\n<meta name=\"twitter:label1\" content=\"Dur\u00e9e de lecture estim\u00e9e\" \/>\n\t<meta name=\"twitter:data1\" content=\"6 minutes\" \/>\n<script type=\"application\/ld+json\" class=\"yoast-schema-graph\">{\"@context\":\"https:\/\/schema.org\",\"@graph\":[{\"@type\":\"WebPage\",\"@id\":\"https:\/\/yoopies.ch\/c\/garde-d-enfant-cv-baby-sitter\/\",\"url\":\"https:\/\/yoopies.ch\/c\/garde-d-enfant-cv-baby-sitter\/\",\"name\":\"Garde d'enfant : Exemple de CV de baby-sitter\",\"isPartOf\":{\"@id\":\"https:\/\/yoopies.ch\/c\/#website\"},\"primaryImageOfPage\":{\"@id\":\"https:\/\/yoopies.ch\/c\/garde-d-enfant-cv-baby-sitter\/#primaryimage\"},\"image\":{\"@id\":\"https:\/\/yoopies.ch\/c\/garde-d-enfant-cv-baby-sitter\/#primaryimage\"},\"thumbnailUrl\":\"https:\/\/yoopies.ch\/c\/wp-content\/uploads\/sites\/10\/2024\/04\/60e54387-37fd-40d9-8b84-28a720ae1c4b-cv-baby-sitter.jpg\",\"datePublished\":\"2024-04-28T22:00:57+00:00\",\"dateModified\":\"2025-06-12T08:47:14+00:00\",\"description\":\"Cet exemple de CV baby-sitter permettra de r\u00e9diger la v\u00f4tre et de montrer aux parents que vous \u00eates digne de confiance pour faire du baby-sitting.\",\"breadcrumb\":{\"@id\":\"https:\/\/yoopies.ch\/c\/garde-d-enfant-cv-baby-sitter\/#breadcrumb\"},\"inLanguage\":\"fr-FR\",\"potentialAction\":[{\"@type\":\"ReadAction\",\"target\":[\"https:\/\/yoopies.ch\/c\/garde-d-enfant-cv-baby-sitter\/\"]}]},{\"@type\":\"ImageObject\",\"inLanguage\":\"fr-FR\",\"@id\":\"https:\/\/yoopies.ch\/c\/garde-d-enfant-cv-baby-sitter\/#primaryimage\",\"url\":\"https:\/\/yoopies.ch\/c\/wp-content\/uploads\/sites\/10\/2024\/04\/60e54387-37fd-40d9-8b84-28a720ae1c4b-cv-baby-sitter.jpg\",\"contentUrl\":\"https:\/\/yoopies.ch\/c\/wp-content\/uploads\/sites\/10\/2024\/04\/60e54387-37fd-40d9-8b84-28a720ae1c4b-cv-baby-sitter.jpg\",\"width\":1200,\"height\":800},{\"@type\":\"BreadcrumbList\",\"@id\":\"https:\/\/yoopies.ch\/c\/garde-d-enfant-cv-baby-sitter\/#breadcrumb\",\"itemListElement\":[{\"@type\":\"ListItem\",\"position\":1,\"name\":\"Home\",\"item\":\"https:\/\/yoopies.ch\/c\/\"},{\"@type\":\"ListItem\",\"position\":2,\"name\":\"Garde d&rsquo;enfant : Exemple de CV de baby-sitter\"}]},{\"@type\":\"WebSite\",\"@id\":\"https:\/\/yoopies.ch\/c\/#website\",\"url\":\"https:\/\/yoopies.ch\/c\/\",\"name\":\"Le Blog Yoopies Suisse\",\"description\":\"\",\"potentialAction\":[{\"@type\":\"SearchAction\",\"target\":{\"@type\":\"EntryPoint\",\"urlTemplate\":\"https:\/\/yoopies.ch\/c\/?s={search_term_string}\"},\"query-input\":{\"@type\":\"PropertyValueSpecification\",\"valueRequired\":true,\"valueName\":\"search_term_string\"}}],\"inLanguage\":\"fr-FR\"}]}<\/script>\n<!-- \/ Yoast SEO plugin. -->","yoast_head_json":{"title":"Garde d'enfant : Exemple de CV de baby-sitter","description":"Cet exemple de CV baby-sitter permettra de r\u00e9diger la v\u00f4tre et de montrer aux parents que vous \u00eates digne de confiance pour faire du baby-sitting.","robots":{"index":"index","follow":"follow","max-snippet":"max-snippet:-1","max-image-preview":"max-image-preview:large","max-video-preview":"max-video-preview:-1"},"canonical":"https:\/\/yoopies.ch\/c\/garde-d-enfant-cv-baby-sitter\/","og_locale":"fr_FR","og_type":"article","og_title":"Garde d'enfant : Exemple de CV de baby-sitter","og_description":"Cet exemple de CV baby-sitter permettra de r\u00e9diger la v\u00f4tre et de montrer aux parents que vous \u00eates digne de confiance pour faire du baby-sitting.","og_url":"https:\/\/yoopies.ch\/c\/garde-d-enfant-cv-baby-sitter\/","og_site_name":"Le Blog Yoopies Suisse","article_modified_time":"2025-06-12T08:47:14+00:00","og_image":[{"width":1200,"height":800,"url":"https:\/\/yoopies.ch\/c\/wp-content\/uploads\/sites\/10\/2024\/04\/60e54387-37fd-40d9-8b84-28a720ae1c4b-cv-baby-sitter.jpg","type":"image\/jpeg"}],"twitter_card":"summary_large_image","twitter_misc":{"Dur\u00e9e de lecture estim\u00e9e":"6 minutes"},"schema":{"@context":"https:\/\/schema.org","@graph":[{"@type":"WebPage","@id":"https:\/\/yoopies.ch\/c\/garde-d-enfant-cv-baby-sitter\/","url":"https:\/\/yoopies.ch\/c\/garde-d-enfant-cv-baby-sitter\/","name":"Garde d'enfant : Exemple de CV de baby-sitter","isPartOf":{"@id":"https:\/\/yoopies.ch\/c\/#website"},"primaryImageOfPage":{"@id":"https:\/\/yoopies.ch\/c\/garde-d-enfant-cv-baby-sitter\/#primaryimage"},"image":{"@id":"https:\/\/yoopies.ch\/c\/garde-d-enfant-cv-baby-sitter\/#primaryimage"},"thumbnailUrl":"https:\/\/yoopies.ch\/c\/wp-content\/uploads\/sites\/10\/2024\/04\/60e54387-37fd-40d9-8b84-28a720ae1c4b-cv-baby-sitter.jpg","datePublished":"2024-04-28T22:00:57+00:00","dateModified":"2025-06-12T08:47:14+00:00","description":"Cet exemple de CV baby-sitter permettra de r\u00e9diger la v\u00f4tre et de montrer aux parents que vous \u00eates digne de confiance pour faire du baby-sitting.","breadcrumb":{"@id":"https:\/\/yoopies.ch\/c\/garde-d-enfant-cv-baby-sitter\/#breadcrumb"},"inLanguage":"fr-FR","potentialAction":[{"@type":"ReadAction","target":["https:\/\/yoopies.ch\/c\/garde-d-enfant-cv-baby-sitter\/"]}]},{"@type":"ImageObject","inLanguage":"fr-FR","@id":"https:\/\/yoopies.ch\/c\/garde-d-enfant-cv-baby-sitter\/#primaryimage","url":"https:\/\/yoopies.ch\/c\/wp-content\/uploads\/sites\/10\/2024\/04\/60e54387-37fd-40d9-8b84-28a720ae1c4b-cv-baby-sitter.jpg","contentUrl":"https:\/\/yoopies.ch\/c\/wp-content\/uploads\/sites\/10\/2024\/04\/60e54387-37fd-40d9-8b84-28a720ae1c4b-cv-baby-sitter.jpg","width":1200,"height":800},{"@type":"BreadcrumbList","@id":"https:\/\/yoopies.ch\/c\/garde-d-enfant-cv-baby-sitter\/#breadcrumb","itemListElement":[{"@type":"ListItem","position":1,"name":"Home","item":"https:\/\/yoopies.ch\/c\/"},{"@type":"ListItem","position":2,"name":"Garde d&rsquo;enfant : Exemple de CV de baby-sitter"}]},{"@type":"WebSite","@id":"https:\/\/yoopies.ch\/c\/#website","url":"https:\/\/yoopies.ch\/c\/","name":"Le Blog Yoopies Suisse","description":"","potentialAction":[{"@type":"SearchAction","target":{"@type":"EntryPoint","urlTemplate":"https:\/\/yoopies.ch\/c\/?s={search_term_string}"},"query-input":{"@type":"PropertyValueSpecification","valueRequired":true,"valueName":"search_term_string"}}],"inLanguage":"fr-FR"}]}},"_links":{"self":[{"href":"https:\/\/yoopies.ch\/c\/wp-json\/wp\/v2\/pages\/122","targetHints":{"allow":["GET"]}}],"collection":[{"href":"https:\/\/yoopies.ch\/c\/wp-json\/wp\/v2\/pages"}],"about":[{"href":"https:\/\/yoopies.ch\/c\/wp-json\/wp\/v2\/types\/page"}],"author":[{"embeddable":true,"href":"https:\/\/yoopies.ch\/c\/wp-json\/wp\/v2\/users\/10"}],"replies":[{"embeddable":true,"href":"https:\/\/yoopies.ch\/c\/wp-json\/wp\/v2\/comments?post=122"}],"version-history":[{"count":1,"href":"https:\/\/yoopies.ch\/c\/wp-json\/wp\/v2\/pages\/122\/revisions"}],"predecessor-version":[{"id":125,"href":"https:\/\/yoopies.ch\/c\/wp-json\/wp\/v2\/pages\/122\/revisions\/125"}],"wp:featuredmedia":[{"embeddable":true,"href":"https:\/\/yoopies.ch\/c\/wp-json\/wp\/v2\/media\/124"}],"wp:attachment":[{"href":"https:\/\/yoopies.ch\/c\/wp-json\/wp\/v2\/media?parent=122"}],"curies":[{"name":"wp","href":"https:\/\/api.w.org\/{rel}","templated":true}]}}