{"id":205,"date":"2024-01-15T09:29:52","date_gmt":"2024-01-15T09:29:52","guid":{"rendered":"https:\/\/blog.yoopies.ch\/comment-bien-laver-son-chat-tout-ce-quil-faut-savoir\/"},"modified":"2025-06-12T08:47:14","modified_gmt":"2025-06-12T08:47:14","slug":"comment-bien-laver-son-chat-tout-ce-quil-faut-savoir","status":"publish","type":"page","link":"https:\/\/yoopies.ch\/c\/comment-bien-laver-son-chat-tout-ce-quil-faut-savoir\/","title":{"rendered":"Comment bien laver son chat : tout ce qu\u2019il faut savoir"},"content":{"rendered":"<figure><img decoding=\"async\" src=\"https:\/\/yoopies.ch\/c\/wp-content\/uploads\/sites\/10\/2024\/01\/ae3a73fc-8e9b-4ba7-8e8c-f3d70db30cf3-adobestock-409004117.jpg\" \/><\/figure>\n<p><h2>Le bain du chat : comment r&eacute;aliser un shampoing &agrave; la maison<\/h2>\n<\/p>\n<h3>Toilette du chat adulte et du chaton&nbsp;<\/h3>\n<\/p>\n<p>1 &#8211; Pr&eacute;parer minutieusement la s&eacute;ance de toilettage de votre chat &agrave; la maison. L&rsquo;utilisation d&rsquo;un shampooing sp&eacute;cialement formul&eacute; pour lui, d&rsquo;une brosse et d&rsquo;une serviette sont n&eacute;cessaires.&nbsp;<\/p>\n<p>2 &#8211; Brosser le pelage de votre boule de poils afin d&rsquo;enlever un maximum de n&oelig;uds et d&rsquo;impuret&eacute;s.&nbsp;<\/p>\n<p>3 &#8211; Placer le chat ou le chaton dans la baignoire ou dans l&rsquo;&eacute;vier au moyen d&rsquo;une bassine. Si vous souhaitez proc&eacute;der comme pour le lavage du chien, en ext&eacute;rieur, pr&eacute;f&eacute;rez un espace clos. Un chaton ou un chat adulte aura l&rsquo;instinct de vouloir fuir. En le maintenant dans un espace restreint, on maximise sa s&eacute;curit&eacute;.<\/p>\n<p>4 &#8211; Mouiller l&rsquo;animal et appliquer le shampoing adapt&eacute; &agrave; la peau et au poil du f&eacute;lin, pr&eacute;alablement achet&eacute; chez votre v&eacute;t&eacute;rinaire. Frotter le corps, les pattes, sous le ventre, mais &eacute;viter soigneusement les yeux et les oreilles du chat.&nbsp;<\/p>\n<p>5 &#8211; Rincer abondamment &agrave; l&rsquo;eau ti&egrave;de, aucun r&eacute;sidu ne doit subsister.<\/p>\n<p>6 &#8211; S&eacute;cher d&eacute;licatement le chat ou le chaton &agrave; l&rsquo;aide d&rsquo;une serviette douce. Il est possible de l&rsquo;envelopper s&rsquo;il appr&eacute;cie, sinon se contenter d&rsquo;absorber au mieux l&rsquo;eau sur ses poils. Laisser s&eacute;cher la b&ecirc;te &agrave; l&rsquo;air libre, en vous assurant que la temp&eacute;rature ext&eacute;rieure soit temp&eacute;r&eacute;e.<\/p>\n<\/p>\n<h3>Toilette des oreilles, des yeux et des pattes du chat&nbsp;<\/h3>\n<\/p>\n<p>Il est assez ais&eacute; de r&eacute;aliser un shampoing du corps du chat. Toutefois, il faut proc&eacute;der autrement en ce qui concerne sa t&ecirc;te. Les yeux et les oreilles sont des zones sensibles chez les animaux, chats et chiens confondus. Ce sont des organes fragiles et le chat n&rsquo;aime gu&egrave;re qu&rsquo;on les lui touche. Cependant, si la n&eacute;cessit&eacute; s&rsquo;en ressent, voici comment nettoyer les yeux et les oreilles du chat.<\/p>\n<\/p>\n<p>&Agrave; l&rsquo;aide d&rsquo;une compresse st&eacute;rile et d&rsquo;eau bouillie ou st&eacute;rilis&eacute;e, nettoyez avec douceur les yeux de l&rsquo;int&eacute;rieur vers l&rsquo;ext&eacute;rieur.&nbsp;<\/p>\n<\/p>\n<p>Quant aux oreilles du chat adulte ou du chaton, m&eacute;langez &agrave; dose &eacute;quivalente un peu d&rsquo;eau ti&egrave;de et du vinaigre de cidre, pour son pouvoir d&eacute;sinfectant. Nettoyez les bords int&eacute;rieurs des oreilles sans jamais enfoncer de coton, compresse ou autre, trop profond&eacute;ment.<\/p>\n<\/p>\n<p>Si besoin d&rsquo;insister sur le lavage des pattes et des griffes, proc&eacute;der en dehors du bain. Nettoyer &agrave; l&rsquo;aide d&rsquo;une compresse et d&rsquo;une solution antiseptique.&nbsp;<\/p>\n<\/p>\n<figure><img decoding=\"async\" src=\"https:\/\/yoopies.ch\/c\/wp-content\/uploads\/sites\/10\/2024\/01\/0dad48ca-f243-4724-94d7-2f626c0d1704-copyofpetsitting.jpg\" \/><\/figure>\n<p><h2>Conseils, trucs et astuces pour bien laver son chat<\/h2>\n<\/p>\n<p>Avec un peu de patience et de pr&eacute;paration, il est tout &agrave; fait possible de donner un bain agr&eacute;able &agrave; votre chat. Parmi les conseils indispensables, utilisez imp&eacute;rativement une eau ti&egrave;de et des produits sp&eacute;cialement con&ccedil;us pour les f&eacute;lins. D&eacute;couvrez 6 autres astuces pour faciliter le toilettage avec les plus r&eacute;calcitrants.<\/p>\n<ul>\n<li>Laissez-le sentir et se familiariser avec les produits et accessoires que vous allez employer.&nbsp;<\/li>\n<li>&nbsp;Il est important de rassurer votre boule de poils tout au long du bain et de ne pas le forcer s&rsquo;il semble mal &agrave; l&rsquo;aise.<\/li>\n<li>Dans le cas d&rsquo;un shampooing de traitement, impossible d&rsquo;&eacute;chapper &agrave; la douche : misez sur une paire de gants afin d&rsquo;&eacute;viter de vous faire griffer lors du bain du chat. Au pr&eacute;alable, pensez &agrave; couper ou &agrave; limer ses griffes, pour r&eacute;duire les risques de blessure.<\/li>\n<li>Brosser le chat avant et apr&egrave;s le shampooing permet un d&eacute;m&ecirc;lage en douceur.<\/li>\n<li>Vous pouvez &ecirc;tre deux, une personne qui tient l&rsquo;animal, une qui le shampouine.&nbsp;<\/li>\n<li>R&eacute;compensez votre chat : une ration de croquette ou de p&acirc;t&eacute; suppl&eacute;mentaire est un bon moyen de f&eacute;liciter les animaux courageux.&nbsp;\n<\/li>\n<\/ul>\n<h2>Pourquoi laver son chat : les signes indiquant que votre chat a besoin d&rsquo;un bain<\/h2>\n<\/p>\n<p>Le chat fait partie des animaux &agrave; l&rsquo;hygi&egrave;ne irr&eacute;prochable, il n&rsquo;est donc pas n&eacute;cessaire de le laver dans l&rsquo;absolu. Afin de le maintenir en bonne sant&eacute; au quotidien, il faut d&rsquo;abord se pencher sur une alimentation adapt&eacute;e. Celle-ci aura un effet significatif sur son poil et sa peau.&nbsp;<\/p>\n<\/p>\n<p>N&eacute;anmoins, il existe diverses raisons qui ne laissent d&rsquo;autres choix que de faire prendre un bain &agrave; son minet. Ci-dessous, nous &eacute;voquons plusieurs facteurs pour lesquels un tour sous la douche est n&eacute;cessaire. La fr&eacute;quence de ces soins est &agrave; caler sur la cause du lavage, selon les recommandations de votre v&eacute;t&eacute;rinaire.&nbsp;<\/p>\n<h3>Bain du chat d&rsquo;ext&eacute;rieur<\/h3>\n<\/p>\n<p>Si votre chat est un aventurier et se salit r&eacute;guli&egrave;rement, il peut &ecirc;tre b&eacute;n&eacute;fique de le laver de temps en temps pour &eacute;viter l&rsquo;accumulation de salet&eacute;s sur sa peau et dans son pelage. Parfois, un brossage peut suffire, s&rsquo;il n&rsquo;est pas &agrave; l&rsquo;aise avec l&rsquo;eau ou ne pr&eacute;sente aucun signe de d&eacute;mangeaison, ne le forcez pas.<\/p>\n<p>Quid des chatons ? Il est imp&eacute;ratif pour les chatons non sevr&eacute;s, qu&rsquo;ils gardent leur odeur et celle que leur m&egrave;re leur transmet lors de la toilette, le bain est donc &agrave; proscrire.<\/p>\n<h3>Shampoing de traitement pour un chat&nbsp;<\/h3>\n<p>&nbsp;<\/p>\n<p>Si votre chat est allergique, un bain peut aider &agrave; r&eacute;duire les sympt&ocirc;mes en &eacute;liminant les allerg&egrave;nes de sa fourrure. Ce bain est &agrave; r&eacute;aliser avec un shampoing adapt&eacute; &agrave; votre animal achet&eacute; chez votre v&eacute;t&eacute;rinaire. Respectez la fr&eacute;quence d&rsquo;utilisation indiqu&eacute;e par celui-ci. Dans le cas d&rsquo;une exposition &agrave; des substances toxiques ou dangereuses, il est bon de proc&eacute;der &agrave; un lavage.&nbsp;<\/p>\n<\/p>\n<h3>Nettoyer un vieux chat ou chat en difficult&eacute;<\/h3>\n<\/p>\n<p>Bien que les chats soient de nature &agrave; se l&eacute;cher en permanence, il existe des cas o&ugrave; ils ne peuvent, physiquement, plus le faire. Chat ob&egrave;se, probl&egrave;me d&rsquo;arri&egrave;re-train ou vieillesse, un bain est envisageable pour l&rsquo;hygi&egrave;ne et l&rsquo;entretien des plus fragiles. Patience et bienveillance sont de mise pour arriver &agrave; bout de ce toilettage.<\/p>\n<\/p>\n<h3>Laver un chat de race<\/h3>\n<\/p>\n<p>Les chats de certaines races &agrave; poils longs peuvent &ecirc;tre baign&eacute;s &agrave; fr&eacute;quence r&eacute;guli&egrave;re pour entretenir leur robe. C&rsquo;est notamment le cas des Persans ou des Main Coon. Dans ce cas, le bain compl&egrave;te agr&eacute;ablement un brossage quotidien, afin de lisser et entretenir la belle fourrure de votre compagnon.<\/p>\n<\/p>\n<p>En r&eacute;sum&eacute;, il est possible et parfois b&eacute;n&eacute;fique de laver son chat, m&ecirc;me si de nombreux chats n&rsquo;aiment pas l&rsquo;eau. Les chats sont des f&eacute;lins sensibles, il est important de les rassurer et d&rsquo;utiliser des produits de soins sp&eacute;cialement con&ccedil;us pour eux afin d&rsquo;&eacute;viter d&rsquo;irriter leur peau. En suivant les &eacute;tapes d&eacute;crites ci-dessus, vous pouvez aider votre chat &agrave; maintenir une bonne hygi&egrave;ne, une peau et un pelage sains. Si vous avez des pr&eacute;occupations concernant la sant&eacute; de votre chat, n&rsquo;h&eacute;sitez pas &agrave; consulter votre v&eacute;t&eacute;rinaire.<\/p>\n<\/p>\n<p><a class=\"button\" href=\"https:\/\/yoopies.ch\/garde-animaux\">Je cherche un cat-sitter !<\/a><\/p>\n","protected":false},"excerpt":{"rendered":"<p>Le bain du chat : comment r&eacute;aliser un shampoing &agrave; la maison Toilette du chat &hellip; <\/p>\n","protected":false},"author":10,"featured_media":208,"parent":0,"menu_order":0,"comment_status":"closed","ping_status":"closed","template":"","meta":{"_acf_changed":false,"footnotes":""},"class_list":["post-205","page","type-page","status-publish","has-post-thumbnail","hentry"],"acf":[],"yoast_head":"<!-- This site is optimized with the Yoast SEO plugin v26.9 - https:\/\/yoast.com\/product\/yoast-seo-wordpress\/ -->\n<title>\u00a0Laver son chat : bonnes pratiques et astuces<\/title>\n<meta name=\"description\" content=\"Pour quelles raisons laver un chat, comment s\u2019y prendre, \u00e0 quelle fr\u00e9quence ? D\u00e9couvrez des m\u00e9thodes et astuces pour vous faciliter la t\u00e2che.\" \/>\n<meta name=\"robots\" content=\"index, follow, max-snippet:-1, max-image-preview:large, max-video-preview:-1\" \/>\n<link rel=\"canonical\" href=\"https:\/\/yoopies.ch\/c\/comment-bien-laver-son-chat-tout-ce-quil-faut-savoir\/\" \/>\n<meta property=\"og:locale\" content=\"fr_FR\" \/>\n<meta property=\"og:type\" content=\"article\" \/>\n<meta property=\"og:title\" content=\"\u00a0Laver son chat : bonnes pratiques et astuces\" \/>\n<meta property=\"og:description\" content=\"Pour quelles raisons laver un chat, comment s\u2019y prendre, \u00e0 quelle fr\u00e9quence ? D\u00e9couvrez des m\u00e9thodes et astuces pour vous faciliter la t\u00e2che.\" \/>\n<meta property=\"og:url\" content=\"https:\/\/yoopies.ch\/c\/comment-bien-laver-son-chat-tout-ce-quil-faut-savoir\/\" \/>\n<meta property=\"og:site_name\" content=\"Le Blog Yoopies Suisse\" \/>\n<meta property=\"article:modified_time\" content=\"2025-06-12T08:47:14+00:00\" \/>\n<meta property=\"og:image\" content=\"https:\/\/yoopies.ch\/c\/wp-content\/uploads\/sites\/10\/2024\/01\/ae3a73fc-8e9b-4ba7-8e8c-f3d70db30cf3-adobestock-409004117-1.jpg\" \/>\n\t<meta property=\"og:image:width\" content=\"1200\" \/>\n\t<meta property=\"og:image:height\" content=\"803\" \/>\n\t<meta property=\"og:image:type\" content=\"image\/jpeg\" \/>\n<meta name=\"twitter:card\" content=\"summary_large_image\" \/>\n<meta name=\"twitter:label1\" content=\"Dur\u00e9e de lecture estim\u00e9e\" \/>\n\t<meta name=\"twitter:data1\" content=\"7 minutes\" \/>\n<script type=\"application\/ld+json\" class=\"yoast-schema-graph\">{\"@context\":\"https:\/\/schema.org\",\"@graph\":[{\"@type\":\"WebPage\",\"@id\":\"https:\/\/yoopies.ch\/c\/comment-bien-laver-son-chat-tout-ce-quil-faut-savoir\/\",\"url\":\"https:\/\/yoopies.ch\/c\/comment-bien-laver-son-chat-tout-ce-quil-faut-savoir\/\",\"name\":\"\u00a0Laver son chat : bonnes pratiques et astuces\",\"isPartOf\":{\"@id\":\"https:\/\/yoopies.ch\/c\/#website\"},\"primaryImageOfPage\":{\"@id\":\"https:\/\/yoopies.ch\/c\/comment-bien-laver-son-chat-tout-ce-quil-faut-savoir\/#primaryimage\"},\"image\":{\"@id\":\"https:\/\/yoopies.ch\/c\/comment-bien-laver-son-chat-tout-ce-quil-faut-savoir\/#primaryimage\"},\"thumbnailUrl\":\"https:\/\/yoopies.ch\/c\/wp-content\/uploads\/sites\/10\/2024\/01\/ae3a73fc-8e9b-4ba7-8e8c-f3d70db30cf3-adobestock-409004117-1.jpg\",\"datePublished\":\"2024-01-15T09:29:52+00:00\",\"dateModified\":\"2025-06-12T08:47:14+00:00\",\"description\":\"Pour quelles raisons laver un chat, comment s\u2019y prendre, \u00e0 quelle fr\u00e9quence ? D\u00e9couvrez des m\u00e9thodes et astuces pour vous faciliter la t\u00e2che.\",\"breadcrumb\":{\"@id\":\"https:\/\/yoopies.ch\/c\/comment-bien-laver-son-chat-tout-ce-quil-faut-savoir\/#breadcrumb\"},\"inLanguage\":\"fr-FR\",\"potentialAction\":[{\"@type\":\"ReadAction\",\"target\":[\"https:\/\/yoopies.ch\/c\/comment-bien-laver-son-chat-tout-ce-quil-faut-savoir\/\"]}]},{\"@type\":\"ImageObject\",\"inLanguage\":\"fr-FR\",\"@id\":\"https:\/\/yoopies.ch\/c\/comment-bien-laver-son-chat-tout-ce-quil-faut-savoir\/#primaryimage\",\"url\":\"https:\/\/yoopies.ch\/c\/wp-content\/uploads\/sites\/10\/2024\/01\/ae3a73fc-8e9b-4ba7-8e8c-f3d70db30cf3-adobestock-409004117-1.jpg\",\"contentUrl\":\"https:\/\/yoopies.ch\/c\/wp-content\/uploads\/sites\/10\/2024\/01\/ae3a73fc-8e9b-4ba7-8e8c-f3d70db30cf3-adobestock-409004117-1.jpg\",\"width\":1200,\"height\":803},{\"@type\":\"BreadcrumbList\",\"@id\":\"https:\/\/yoopies.ch\/c\/comment-bien-laver-son-chat-tout-ce-quil-faut-savoir\/#breadcrumb\",\"itemListElement\":[{\"@type\":\"ListItem\",\"position\":1,\"name\":\"Home\",\"item\":\"https:\/\/yoopies.ch\/c\/\"},{\"@type\":\"ListItem\",\"position\":2,\"name\":\"Comment bien laver son chat : tout ce qu\u2019il faut savoir\"}]},{\"@type\":\"WebSite\",\"@id\":\"https:\/\/yoopies.ch\/c\/#website\",\"url\":\"https:\/\/yoopies.ch\/c\/\",\"name\":\"Le Blog Yoopies Suisse\",\"description\":\"\",\"potentialAction\":[{\"@type\":\"SearchAction\",\"target\":{\"@type\":\"EntryPoint\",\"urlTemplate\":\"https:\/\/yoopies.ch\/c\/?s={search_term_string}\"},\"query-input\":{\"@type\":\"PropertyValueSpecification\",\"valueRequired\":true,\"valueName\":\"search_term_string\"}}],\"inLanguage\":\"fr-FR\"}]}<\/script>\n<!-- \/ Yoast SEO plugin. -->","yoast_head_json":{"title":"\u00a0Laver son chat : bonnes pratiques et astuces","description":"Pour quelles raisons laver un chat, comment s\u2019y prendre, \u00e0 quelle fr\u00e9quence ? D\u00e9couvrez des m\u00e9thodes et astuces pour vous faciliter la t\u00e2che.","robots":{"index":"index","follow":"follow","max-snippet":"max-snippet:-1","max-image-preview":"max-image-preview:large","max-video-preview":"max-video-preview:-1"},"canonical":"https:\/\/yoopies.ch\/c\/comment-bien-laver-son-chat-tout-ce-quil-faut-savoir\/","og_locale":"fr_FR","og_type":"article","og_title":"\u00a0Laver son chat : bonnes pratiques et astuces","og_description":"Pour quelles raisons laver un chat, comment s\u2019y prendre, \u00e0 quelle fr\u00e9quence ? D\u00e9couvrez des m\u00e9thodes et astuces pour vous faciliter la t\u00e2che.","og_url":"https:\/\/yoopies.ch\/c\/comment-bien-laver-son-chat-tout-ce-quil-faut-savoir\/","og_site_name":"Le Blog Yoopies Suisse","article_modified_time":"2025-06-12T08:47:14+00:00","og_image":[{"width":1200,"height":803,"url":"https:\/\/yoopies.ch\/c\/wp-content\/uploads\/sites\/10\/2024\/01\/ae3a73fc-8e9b-4ba7-8e8c-f3d70db30cf3-adobestock-409004117-1.jpg","type":"image\/jpeg"}],"twitter_card":"summary_large_image","twitter_misc":{"Dur\u00e9e de lecture estim\u00e9e":"7 minutes"},"schema":{"@context":"https:\/\/schema.org","@graph":[{"@type":"WebPage","@id":"https:\/\/yoopies.ch\/c\/comment-bien-laver-son-chat-tout-ce-quil-faut-savoir\/","url":"https:\/\/yoopies.ch\/c\/comment-bien-laver-son-chat-tout-ce-quil-faut-savoir\/","name":"\u00a0Laver son chat : bonnes pratiques et astuces","isPartOf":{"@id":"https:\/\/yoopies.ch\/c\/#website"},"primaryImageOfPage":{"@id":"https:\/\/yoopies.ch\/c\/comment-bien-laver-son-chat-tout-ce-quil-faut-savoir\/#primaryimage"},"image":{"@id":"https:\/\/yoopies.ch\/c\/comment-bien-laver-son-chat-tout-ce-quil-faut-savoir\/#primaryimage"},"thumbnailUrl":"https:\/\/yoopies.ch\/c\/wp-content\/uploads\/sites\/10\/2024\/01\/ae3a73fc-8e9b-4ba7-8e8c-f3d70db30cf3-adobestock-409004117-1.jpg","datePublished":"2024-01-15T09:29:52+00:00","dateModified":"2025-06-12T08:47:14+00:00","description":"Pour quelles raisons laver un chat, comment s\u2019y prendre, \u00e0 quelle fr\u00e9quence ? D\u00e9couvrez des m\u00e9thodes et astuces pour vous faciliter la t\u00e2che.","breadcrumb":{"@id":"https:\/\/yoopies.ch\/c\/comment-bien-laver-son-chat-tout-ce-quil-faut-savoir\/#breadcrumb"},"inLanguage":"fr-FR","potentialAction":[{"@type":"ReadAction","target":["https:\/\/yoopies.ch\/c\/comment-bien-laver-son-chat-tout-ce-quil-faut-savoir\/"]}]},{"@type":"ImageObject","inLanguage":"fr-FR","@id":"https:\/\/yoopies.ch\/c\/comment-bien-laver-son-chat-tout-ce-quil-faut-savoir\/#primaryimage","url":"https:\/\/yoopies.ch\/c\/wp-content\/uploads\/sites\/10\/2024\/01\/ae3a73fc-8e9b-4ba7-8e8c-f3d70db30cf3-adobestock-409004117-1.jpg","contentUrl":"https:\/\/yoopies.ch\/c\/wp-content\/uploads\/sites\/10\/2024\/01\/ae3a73fc-8e9b-4ba7-8e8c-f3d70db30cf3-adobestock-409004117-1.jpg","width":1200,"height":803},{"@type":"BreadcrumbList","@id":"https:\/\/yoopies.ch\/c\/comment-bien-laver-son-chat-tout-ce-quil-faut-savoir\/#breadcrumb","itemListElement":[{"@type":"ListItem","position":1,"name":"Home","item":"https:\/\/yoopies.ch\/c\/"},{"@type":"ListItem","position":2,"name":"Comment bien laver son chat : tout ce qu\u2019il faut savoir"}]},{"@type":"WebSite","@id":"https:\/\/yoopies.ch\/c\/#website","url":"https:\/\/yoopies.ch\/c\/","name":"Le Blog Yoopies Suisse","description":"","potentialAction":[{"@type":"SearchAction","target":{"@type":"EntryPoint","urlTemplate":"https:\/\/yoopies.ch\/c\/?s={search_term_string}"},"query-input":{"@type":"PropertyValueSpecification","valueRequired":true,"valueName":"search_term_string"}}],"inLanguage":"fr-FR"}]}},"_links":{"self":[{"href":"https:\/\/yoopies.ch\/c\/wp-json\/wp\/v2\/pages\/205","targetHints":{"allow":["GET"]}}],"collection":[{"href":"https:\/\/yoopies.ch\/c\/wp-json\/wp\/v2\/pages"}],"about":[{"href":"https:\/\/yoopies.ch\/c\/wp-json\/wp\/v2\/types\/page"}],"author":[{"embeddable":true,"href":"https:\/\/yoopies.ch\/c\/wp-json\/wp\/v2\/users\/10"}],"replies":[{"embeddable":true,"href":"https:\/\/yoopies.ch\/c\/wp-json\/wp\/v2\/comments?post=205"}],"version-history":[{"count":1,"href":"https:\/\/yoopies.ch\/c\/wp-json\/wp\/v2\/pages\/205\/revisions"}],"predecessor-version":[{"id":209,"href":"https:\/\/yoopies.ch\/c\/wp-json\/wp\/v2\/pages\/205\/revisions\/209"}],"wp:featuredmedia":[{"embeddable":true,"href":"https:\/\/yoopies.ch\/c\/wp-json\/wp\/v2\/media\/208"}],"wp:attachment":[{"href":"https:\/\/yoopies.ch\/c\/wp-json\/wp\/v2\/media?parent=205"}],"curies":[{"name":"wp","href":"https:\/\/api.w.org\/{rel}","templated":true}]}}