{"id":258,"date":"2022-05-17T13:32:00","date_gmt":"2022-05-17T13:32:00","guid":{"rendered":"https:\/\/blog.yoopies.ch\/garde-animaux-informations-familles\/"},"modified":"2025-06-12T08:47:14","modified_gmt":"2025-06-12T08:47:14","slug":"garde-animaux-informations-familles","status":"publish","type":"page","link":"https:\/\/yoopies.ch\/c\/garde-animaux-informations-familles\/","title":{"rendered":"Garde d&rsquo;animaux"},"content":{"rendered":"<p><p><strong>Les pet-sitters peuvent s&rsquo;occuper de tous les animaux domestiques : chien, chat, poisson, lapin, oiseau etc. Vous cherchez un petsitter pour votre compagnon ?  Yoopies r&eacute;pond &agrave; vos questions dans les articles r&eacute;dig&eacute;s par nos experts. <\/strong><\/p>\n<\/p>\n<figure><img decoding=\"async\" src=\"https:\/\/yoopies.ch\/c\/wp-content\/uploads\/sites\/10\/2022\/05\/e461e7ee-3b54-46e4-aff2-5e29466e1495-matt-nelson-ai3eblvcyu4-unsplash.jpg\" \/><\/figure>\n<p><p>Vous recherchez une solution de garde d&rsquo;animaux pendant votre d&eacute;part en vacances ou pour un d&eacute;placement&nbsp;? \ud83d\udc36 Il existe aujourd&rsquo;hui de multiples solutions pour faire garder votre animal de compagnie en toute tranquillit&eacute; :<\/p>\n<ul>\n<li>Le pet-sitting en famille<\/li>\n<li>La garde d&rsquo;animaux &agrave; votre domicile<\/li>\n<li>Les visites pour animaux<\/li>\n<li>Les promenades d&rsquo;animaux<\/li>\n<\/ul>\n<h4><strong>Comment faire son choix ? <\/strong><\/h4>\n<\/p>\n<h2><strong>Le pet-sitting en famille <\/strong><\/h2>\n<\/p>\n<p>De nos jours, trouver une personne &agrave; qui confier son animal de compagnie n&rsquo;est pas simple. Saviez-vous qu&rsquo;il est aujourd&rsquo;hui possible de faire garder votre animal de compagnie dans une famille d&rsquo;accueil&nbsp;?<\/p>\n<p>Le pet-sitting, est un mode de garde qui vient des pays anglo-saxons. C&rsquo;est, aujourd&rsquo;hui, la solution classique qui consiste &agrave; confier votre animal &agrave; une famille d&rsquo;accueil dans laquelle il sera choy&eacute; comme un membre de la famille.<\/p>\n<p>Ces familles sont appel&eacute;es des &laquo;&nbsp;pet-sitters&nbsp;&raquo; : des personnes qui ont fait de leur passion un v&eacute;ritable passe-temps. Votre pet-sitter sera la nounou de votre animal de compagnie, un v&eacute;ritable gardien ! Il s&rsquo;occupera de votre compagnon comme si c&rsquo;&eacute;tait son propre animal ! <\/p>\n<p>Sachez que si vous partez pour une longue dur&eacute;e, vous pouvez recevoir des nouvelles de celui-ci en direct. Eh oui ! G&eacute;n&eacute;ralement, les pet-sitters adorent partager les bons souvenirs avec les propri&eacute;taires en leur envoyant des photos ou vid&eacute;os ! Quoi de mieux pour partir l&rsquo;esprit tranquille&nbsp;et rassur&eacute;&nbsp;? Vous serez s&ucirc;r qu&rsquo;il passera son s&eacute;jour entre de bonnes mains ! \ud83d\ude09<\/p>\n<\/p>\n<h2><strong>La garde d&rsquo;animaux &agrave; votre domicile<\/strong><\/h2>\n<\/p>\n<p>Vous pensez que votre animal de compagnie ne sera pas &agrave; l&rsquo;aise dans un nouvel environnement ? Ou bien, le laisser chez une famille vous inqui&egrave;te ? Pas de panique ! \ud83d\ude09 Vous pouvez faire appel &agrave; un pet-sitter qui fera la garde &agrave; votre domicile jusqu&rsquo;&agrave; votre retour. Ainsi, votre boule de poils ne sera pas perturb&eacute;e pendant votre absence ! <\/p>\n<p>Si vous partez en vacances ou en d&eacute;placement professionnel pour plusieurs jours, votre pet-sitter s&rsquo;installera chez vous pour que votre animal b&eacute;n&eacute;ficie d&rsquo;une pr&eacute;sence de jour comme de nuit. <\/p>\n<\/p>\n<h2><strong>Les visites pour animaux<\/strong><\/h2>\n<\/p>\n<p>Votre animal de compagnon aime la solitude ? Il n&rsquo;aime pas changer d&rsquo;environnement ? Vous pouvez alors faire appel &agrave; un pet-sitter qui se rendra &agrave; votre domicile une &agrave; plusieurs fois par jour pour s&rsquo;occuper du bien-&ecirc;tre de votre animal de compagnie : pour la nourriture, l&rsquo;eau ou encore pour des jeux et des c&acirc;lins. Ce sera &agrave; vous de d&eacute;finir avec le pet-sitter, l&rsquo;heure exacte, la dur&eacute;e et le contenu des visites &agrave; votre domicile.<\/p>\n<p>On parle de visites d&rsquo;animaux lorsqu&rsquo;il s&rsquo;agit de faire garder un chat \ud83d\udc30 ou un NAC (oiseaux, rongeur, furet, lapin&hellip;).<\/p>\n<\/p>\n<h2><strong>Les promenades d&rsquo;animaux<\/strong><\/h2>\n<\/p>\n<p>Les promenades sont plut&ocirc;t &agrave; destination des chiens.\ud83d\udc36 Votre pet-sitter se rendra &agrave; votre domicile afin de r&eacute;cup&eacute;rer votre compagnon pour aller se d&eacute;gourdir les pattes ou se d&eacute;penser physiquement. En effet, m&ecirc;me si votre compagnon est autonome, il ne dispose pas de liti&egrave;re pour faire ses besoins.<\/p>\n<p>Ainsi, ce mode de garde vous permet de faire venir un pet-sitter chez vous sans pour autant l&rsquo;obliger &agrave; dormir chez vous. \n<\/p>\n<p>Tous les animaux ont besoin d&rsquo;attention et de tendresse. Choisissez le mode de garde qui convient le mieux &agrave; votre animal de compagnie, et trouvez une personne de confiance pour la garde, les visites, et les promenades.<\/p>\n<p>\n<\/p>\n<\/p>\n<p><p><strong>Tous nos guides officiels sont tenus &agrave; jour afin que vous soyez toujours inform&eacute;s des actualit&eacute;s.<\/strong><\/p>\n<\/p>\n<p><a class=\"button\" href=\"https:\/\/yoopies.ch\/garde-animaux\">Trouvez votre pet-sitter en cliquant ici<\/a><\/p>\n","protected":false},"excerpt":{"rendered":"<p>Les pet-sitters peuvent s&rsquo;occuper de tous les animaux domestiques : chien, chat, poisson, lapin, oiseau &hellip; <\/p>\n","protected":false},"author":10,"featured_media":260,"parent":0,"menu_order":0,"comment_status":"closed","ping_status":"closed","template":"","meta":{"_acf_changed":false,"footnotes":""},"class_list":["post-258","page","type-page","status-publish","has-post-thumbnail","hentry"],"acf":[],"yoast_head":"<!-- This site is optimized with the Yoast SEO plugin v26.9 - https:\/\/yoast.com\/product\/yoast-seo-wordpress\/ -->\n<title>Garde d&#039;animaux - Informations aux familles<\/title>\n<meta name=\"description\" content=\"Vous cherchez un intervenant pour de la garde d&#039;animaux \u00e0 domicile. Toutes les informations et r\u00e9ponses \u00e0 vos questions dans nos articles.\" \/>\n<meta name=\"robots\" content=\"index, follow, max-snippet:-1, max-image-preview:large, max-video-preview:-1\" \/>\n<link rel=\"canonical\" href=\"https:\/\/yoopies.ch\/c\/garde-animaux-informations-familles\/\" \/>\n<meta property=\"og:locale\" content=\"fr_FR\" \/>\n<meta property=\"og:type\" content=\"article\" \/>\n<meta property=\"og:title\" content=\"Garde d&#039;animaux - Informations aux familles\" \/>\n<meta property=\"og:description\" content=\"Vous cherchez un intervenant pour de la garde d&#039;animaux \u00e0 domicile. Toutes les informations et r\u00e9ponses \u00e0 vos questions dans nos articles.\" \/>\n<meta property=\"og:url\" content=\"https:\/\/yoopies.ch\/c\/garde-animaux-informations-familles\/\" \/>\n<meta property=\"og:site_name\" content=\"Le Blog Yoopies Suisse\" \/>\n<meta property=\"article:modified_time\" content=\"2025-06-12T08:47:14+00:00\" \/>\n<meta property=\"og:image\" content=\"https:\/\/yoopies.ch\/c\/wp-content\/uploads\/sites\/10\/2022\/05\/e461e7ee-3b54-46e4-aff2-5e29466e1495-matt-nelson-ai3eblvcyu4-unsplash-1.jpg\" \/>\n\t<meta property=\"og:image:width\" content=\"1200\" \/>\n\t<meta property=\"og:image:height\" content=\"800\" \/>\n\t<meta property=\"og:image:type\" content=\"image\/jpeg\" \/>\n<meta name=\"twitter:card\" content=\"summary_large_image\" \/>\n<meta name=\"twitter:label1\" content=\"Dur\u00e9e de lecture estim\u00e9e\" \/>\n\t<meta name=\"twitter:data1\" content=\"3 minutes\" \/>\n<script type=\"application\/ld+json\" class=\"yoast-schema-graph\">{\"@context\":\"https:\/\/schema.org\",\"@graph\":[{\"@type\":\"WebPage\",\"@id\":\"https:\/\/yoopies.ch\/c\/garde-animaux-informations-familles\/\",\"url\":\"https:\/\/yoopies.ch\/c\/garde-animaux-informations-familles\/\",\"name\":\"Garde d'animaux - Informations aux familles\",\"isPartOf\":{\"@id\":\"https:\/\/yoopies.ch\/c\/#website\"},\"primaryImageOfPage\":{\"@id\":\"https:\/\/yoopies.ch\/c\/garde-animaux-informations-familles\/#primaryimage\"},\"image\":{\"@id\":\"https:\/\/yoopies.ch\/c\/garde-animaux-informations-familles\/#primaryimage\"},\"thumbnailUrl\":\"https:\/\/yoopies.ch\/c\/wp-content\/uploads\/sites\/10\/2022\/05\/e461e7ee-3b54-46e4-aff2-5e29466e1495-matt-nelson-ai3eblvcyu4-unsplash-1.jpg\",\"datePublished\":\"2022-05-17T13:32:00+00:00\",\"dateModified\":\"2025-06-12T08:47:14+00:00\",\"description\":\"Vous cherchez un intervenant pour de la garde d'animaux \u00e0 domicile. Toutes les informations et r\u00e9ponses \u00e0 vos questions dans nos articles.\",\"breadcrumb\":{\"@id\":\"https:\/\/yoopies.ch\/c\/garde-animaux-informations-familles\/#breadcrumb\"},\"inLanguage\":\"fr-FR\",\"potentialAction\":[{\"@type\":\"ReadAction\",\"target\":[\"https:\/\/yoopies.ch\/c\/garde-animaux-informations-familles\/\"]}]},{\"@type\":\"ImageObject\",\"inLanguage\":\"fr-FR\",\"@id\":\"https:\/\/yoopies.ch\/c\/garde-animaux-informations-familles\/#primaryimage\",\"url\":\"https:\/\/yoopies.ch\/c\/wp-content\/uploads\/sites\/10\/2022\/05\/e461e7ee-3b54-46e4-aff2-5e29466e1495-matt-nelson-ai3eblvcyu4-unsplash-1.jpg\",\"contentUrl\":\"https:\/\/yoopies.ch\/c\/wp-content\/uploads\/sites\/10\/2022\/05\/e461e7ee-3b54-46e4-aff2-5e29466e1495-matt-nelson-ai3eblvcyu4-unsplash-1.jpg\",\"width\":1200,\"height\":800},{\"@type\":\"BreadcrumbList\",\"@id\":\"https:\/\/yoopies.ch\/c\/garde-animaux-informations-familles\/#breadcrumb\",\"itemListElement\":[{\"@type\":\"ListItem\",\"position\":1,\"name\":\"Home\",\"item\":\"https:\/\/yoopies.ch\/c\/\"},{\"@type\":\"ListItem\",\"position\":2,\"name\":\"Garde d&rsquo;animaux\"}]},{\"@type\":\"WebSite\",\"@id\":\"https:\/\/yoopies.ch\/c\/#website\",\"url\":\"https:\/\/yoopies.ch\/c\/\",\"name\":\"Le Blog Yoopies Suisse\",\"description\":\"\",\"potentialAction\":[{\"@type\":\"SearchAction\",\"target\":{\"@type\":\"EntryPoint\",\"urlTemplate\":\"https:\/\/yoopies.ch\/c\/?s={search_term_string}\"},\"query-input\":{\"@type\":\"PropertyValueSpecification\",\"valueRequired\":true,\"valueName\":\"search_term_string\"}}],\"inLanguage\":\"fr-FR\"}]}<\/script>\n<!-- \/ Yoast SEO plugin. -->","yoast_head_json":{"title":"Garde d'animaux - Informations aux familles","description":"Vous cherchez un intervenant pour de la garde d'animaux \u00e0 domicile. Toutes les informations et r\u00e9ponses \u00e0 vos questions dans nos articles.","robots":{"index":"index","follow":"follow","max-snippet":"max-snippet:-1","max-image-preview":"max-image-preview:large","max-video-preview":"max-video-preview:-1"},"canonical":"https:\/\/yoopies.ch\/c\/garde-animaux-informations-familles\/","og_locale":"fr_FR","og_type":"article","og_title":"Garde d'animaux - Informations aux familles","og_description":"Vous cherchez un intervenant pour de la garde d'animaux \u00e0 domicile. Toutes les informations et r\u00e9ponses \u00e0 vos questions dans nos articles.","og_url":"https:\/\/yoopies.ch\/c\/garde-animaux-informations-familles\/","og_site_name":"Le Blog Yoopies Suisse","article_modified_time":"2025-06-12T08:47:14+00:00","og_image":[{"width":1200,"height":800,"url":"https:\/\/yoopies.ch\/c\/wp-content\/uploads\/sites\/10\/2022\/05\/e461e7ee-3b54-46e4-aff2-5e29466e1495-matt-nelson-ai3eblvcyu4-unsplash-1.jpg","type":"image\/jpeg"}],"twitter_card":"summary_large_image","twitter_misc":{"Dur\u00e9e de lecture estim\u00e9e":"3 minutes"},"schema":{"@context":"https:\/\/schema.org","@graph":[{"@type":"WebPage","@id":"https:\/\/yoopies.ch\/c\/garde-animaux-informations-familles\/","url":"https:\/\/yoopies.ch\/c\/garde-animaux-informations-familles\/","name":"Garde d'animaux - Informations aux familles","isPartOf":{"@id":"https:\/\/yoopies.ch\/c\/#website"},"primaryImageOfPage":{"@id":"https:\/\/yoopies.ch\/c\/garde-animaux-informations-familles\/#primaryimage"},"image":{"@id":"https:\/\/yoopies.ch\/c\/garde-animaux-informations-familles\/#primaryimage"},"thumbnailUrl":"https:\/\/yoopies.ch\/c\/wp-content\/uploads\/sites\/10\/2022\/05\/e461e7ee-3b54-46e4-aff2-5e29466e1495-matt-nelson-ai3eblvcyu4-unsplash-1.jpg","datePublished":"2022-05-17T13:32:00+00:00","dateModified":"2025-06-12T08:47:14+00:00","description":"Vous cherchez un intervenant pour de la garde d'animaux \u00e0 domicile. Toutes les informations et r\u00e9ponses \u00e0 vos questions dans nos articles.","breadcrumb":{"@id":"https:\/\/yoopies.ch\/c\/garde-animaux-informations-familles\/#breadcrumb"},"inLanguage":"fr-FR","potentialAction":[{"@type":"ReadAction","target":["https:\/\/yoopies.ch\/c\/garde-animaux-informations-familles\/"]}]},{"@type":"ImageObject","inLanguage":"fr-FR","@id":"https:\/\/yoopies.ch\/c\/garde-animaux-informations-familles\/#primaryimage","url":"https:\/\/yoopies.ch\/c\/wp-content\/uploads\/sites\/10\/2022\/05\/e461e7ee-3b54-46e4-aff2-5e29466e1495-matt-nelson-ai3eblvcyu4-unsplash-1.jpg","contentUrl":"https:\/\/yoopies.ch\/c\/wp-content\/uploads\/sites\/10\/2022\/05\/e461e7ee-3b54-46e4-aff2-5e29466e1495-matt-nelson-ai3eblvcyu4-unsplash-1.jpg","width":1200,"height":800},{"@type":"BreadcrumbList","@id":"https:\/\/yoopies.ch\/c\/garde-animaux-informations-familles\/#breadcrumb","itemListElement":[{"@type":"ListItem","position":1,"name":"Home","item":"https:\/\/yoopies.ch\/c\/"},{"@type":"ListItem","position":2,"name":"Garde d&rsquo;animaux"}]},{"@type":"WebSite","@id":"https:\/\/yoopies.ch\/c\/#website","url":"https:\/\/yoopies.ch\/c\/","name":"Le Blog Yoopies Suisse","description":"","potentialAction":[{"@type":"SearchAction","target":{"@type":"EntryPoint","urlTemplate":"https:\/\/yoopies.ch\/c\/?s={search_term_string}"},"query-input":{"@type":"PropertyValueSpecification","valueRequired":true,"valueName":"search_term_string"}}],"inLanguage":"fr-FR"}]}},"_links":{"self":[{"href":"https:\/\/yoopies.ch\/c\/wp-json\/wp\/v2\/pages\/258","targetHints":{"allow":["GET"]}}],"collection":[{"href":"https:\/\/yoopies.ch\/c\/wp-json\/wp\/v2\/pages"}],"about":[{"href":"https:\/\/yoopies.ch\/c\/wp-json\/wp\/v2\/types\/page"}],"author":[{"embeddable":true,"href":"https:\/\/yoopies.ch\/c\/wp-json\/wp\/v2\/users\/10"}],"replies":[{"embeddable":true,"href":"https:\/\/yoopies.ch\/c\/wp-json\/wp\/v2\/comments?post=258"}],"version-history":[{"count":1,"href":"https:\/\/yoopies.ch\/c\/wp-json\/wp\/v2\/pages\/258\/revisions"}],"predecessor-version":[{"id":261,"href":"https:\/\/yoopies.ch\/c\/wp-json\/wp\/v2\/pages\/258\/revisions\/261"}],"wp:featuredmedia":[{"embeddable":true,"href":"https:\/\/yoopies.ch\/c\/wp-json\/wp\/v2\/media\/260"}],"wp:attachment":[{"href":"https:\/\/yoopies.ch\/c\/wp-json\/wp\/v2\/media?parent=258"}],"curies":[{"name":"wp","href":"https:\/\/api.w.org\/{rel}","templated":true}]}}