{"id":72,"date":"2024-04-28T21:35:14","date_gmt":"2024-04-28T21:35:14","guid":{"rendered":"https:\/\/blog.yoopies.ch\/devenir-baby-sitter-quelles-sont-les-qualites-essentielles\/"},"modified":"2025-06-12T08:47:14","modified_gmt":"2025-06-12T08:47:14","slug":"devenir-baby-sitter-quelles-sont-les-qualites-essentielles","status":"publish","type":"page","link":"https:\/\/yoopies.ch\/c\/devenir-baby-sitter-quelles-sont-les-qualites-essentielles\/","title":{"rendered":"Les 4 qualit\u00e9s indispensables pour devenir excellent baby-sitter"},"content":{"rendered":"<figure><img decoding=\"async\" src=\"https:\/\/yoopies.ch\/c\/wp-content\/uploads\/sites\/10\/2024\/04\/b4a05fa1-4682-4fb0-86bc-5011c935037f-adobestock-216817335.jpg\" \/><\/figure>\n<p><h2>Comp&eacute;tences du <a target=\"_self\" rel=\"noopener\" href=\"https:\/\/yoopies.ch\/baby-sitter\">baby-sitter<\/a> : responsabilit&eacute; et s&eacute;curit&eacute;<\/h2>\n<\/p>\n<p>Pour devenir un ou une baby-sitter hors pair, il convient de bien d&eacute;finir vos obligations pour garantir le bien-&ecirc;tre des enfants. Avoir le <strong>sens des responsabilit&eacute;s et assurer leur s&eacute;curit&eacute;<\/strong> font partie de l&rsquo;activit&eacute; de baby-sitting.<\/p>\n<\/p>\n<h3>Quelles sont les responsabilit&eacute;s d&rsquo;un baby-sitter ?<\/h3>\n<\/p>\n<p>Vous souhaitez mettre toutes les chances de votre c&ocirc;t&eacute; pour d&eacute;crocher un emploi de baby-sitter ? Vous devez <strong>gagner la confiance des parents<\/strong> des enfants dont vous avez la garde. Une nounou comp&eacute;tente est capable de garantir :&nbsp;<\/p>\n<\/p>\n<ul>\n<li>La s&eacute;curit&eacute; des enfants au domicile gr&acirc;ce &agrave; une surveillance attentive quel que soit leur &acirc;ge.<\/li>\n<li>Une alimentation saine et &eacute;quilibr&eacute;e en fonction des recommandations des parents.<\/li>\n<li>L&rsquo;accompagnement des enfants &agrave; l&rsquo;&eacute;cole et inversement.<\/li>\n<li>Une aide aux devoirs.<\/li>\n<li>Des activit&eacute;s ludiques, &eacute;ducatives et d&rsquo;&eacute;veil en fonction de l&rsquo;&acirc;ge des enfants.<\/li>\n<li>La toilette et l&rsquo;hygi&egrave;ne des enfants.<\/li>\n<li>Le coucher des enfants.<\/li>\n<\/ul>\n<h3>Le baby-sitter et la s&eacute;curit&eacute; des enfants<\/h3>\n<\/p>\n<p>Le m&eacute;tier de nounou au domicile des parents de l&rsquo;enfant demande une grande rigueur quant &agrave; la s&eacute;curit&eacute; de celui-ci. Devenir baby-sitter, c&rsquo;est conna&icirc;tre les r&egrave;gles &eacute;l&eacute;mentaires en termes de <strong>s&eacute;curit&eacute; domestique et de premiers gestes de secours<\/strong>.<\/p>\n<\/p>\n<h4>Respect des r&egrave;gles de s&eacute;curit&eacute; domestique<\/h4>\n<\/p>\n<p>Afin de garantir la <strong>s&eacute;curit&eacute; de l&rsquo;enfant &agrave; son domicile<\/strong>, le ou la baby-sitter doit &ecirc;tre sensibilis&eacute; :&nbsp;<\/p>\n<\/p>\n<ul>\n<li><strong>Au risque d&rsquo;&eacute;touffement<\/strong> : tenir l&rsquo;enfant hors de port&eacute;e des petits objets, aliments, sacs plastique, cordons de v&ecirc;tements, etc.<\/li>\n<li><strong>Au risque de noyade<\/strong> : surveiller en permanence l&rsquo;enfant dans son bain.<\/li>\n<li>Au risque de chute : prot&eacute;ger l&rsquo;enfant sur la table &agrave; langer, sur la chaise haute, des escaliers et des fen&ecirc;tres.<\/li>\n<li><strong>Au risque d&rsquo;intoxication<\/strong> : pr&eacute;munir l&rsquo;enfant des produits m&eacute;nagers, des m&eacute;dicaments, des outils dangereux, etc.<\/li>\n<li><strong>Au risque de br&ucirc;lure<\/strong> : v&eacute;rifier la temp&eacute;rature de l&rsquo;eau du bain, des liquides et des aliments, tenir l&rsquo;enfant &eacute;loign&eacute; des flammes, des appareils &eacute;lectrom&eacute;nagers, etc.<\/li>\n<li><strong>Au risque d&rsquo;&eacute;lectrocution<\/strong> : prot&eacute;ger l&rsquo;enfant des prises &eacute;lectriques, des appareils &eacute;lectriques.&nbsp;&nbsp;<\/li>\n<\/ul>\n<h4>Une formation aux premiers gestes de secours<\/h4>\n<\/p>\n<p>Pour devenir baby-sitter, il est fortement recommand&eacute; de suivre une <strong>formation aux gestes de premiers secours<\/strong>. Cette formation vous permet d&rsquo;apprendre &agrave; g&eacute;rer certaines situations de danger auxquelles peuvent &ecirc;tre expos&eacute;s les enfants. Gr&acirc;ce &agrave; cet apprentissage, vous &ecirc;tes en mesure de :&nbsp;<\/p>\n<\/p>\n<ul>\n<li>effectuer les premiers soins aux b&eacute;b&eacute;s et aux enfants ;<\/li>\n<li>d&eacute;tecter et reconna&icirc;tre les maladies infantiles ;<\/li>\n<li>r&eacute;agir efficacement face &agrave; une allergie grave ;<\/li>\n<li>mettre l&rsquo;enfant en s&eacute;curit&eacute; ;<\/li>\n<li>pr&eacute;venir les secours ;<\/li>\n<li>effectuer les premiers gestes de secours.<\/li>\n<\/ul>\n<h3>La communication avec les parents sur les r&egrave;gles de s&eacute;curit&eacute;<\/h3>\n<\/p>\n<p>En tant que baby-sitter, veillez &eacute;galement &agrave; vous renseigner et &agrave; respecter les consignes de s&eacute;curit&eacute; mises en place par les parents. Discutez des r&egrave;gles &agrave; suivre en ext&eacute;rieur (rue, jardin), en int&eacute;rieur (barri&egrave;res de s&eacute;curit&eacute; dans les escaliers, mise sous cl&eacute; des produits nocifs et autres).<\/p>\n<\/p>\n<h2>Patience et bienveillance du<a target=\"_self\" rel=\"noopener\" href=\"https:\/\/yoopies.ch\/baby-sitter\"> baby-sitter<\/a><\/h2>\n<\/p>\n<p>Une des comp&eacute;tences essentielles pour exercer une activit&eacute; de baby-sitting est la <strong>patience avec les enfants<\/strong>. Face au comportement et &agrave; l&rsquo;humeur de l&rsquo;enfant, le ou la baby-sitter doit faire preuve de bienveillance et d&rsquo;indulgence.<\/p>\n<\/p>\n<h3>La gestion des comportements et des humeurs des enfants<\/h3>\n<\/p>\n<p>Vous &ecirc;tes le ou la baby-sitter d&rsquo;un enfant boudeur, agit&eacute; ou capricieux ? <strong>Anticipez au mieux ses r&eacute;actions<\/strong> et analysez-en les causes. Fatigue, faim, frustration, ennui ou besoin de r&eacute;confort peuvent faire partie des &eacute;l&eacute;ments d&eacute;clencheurs. Cherchez &agrave; distraire l&rsquo;enfant en lui laissant par exemple le choix d&rsquo;un jeu.<\/p>\n<h3>Savoir laisser les enfants exprimer leurs &eacute;motions<\/h3>\n<\/p>\n<p>Si l&rsquo;enfant est quelque peu tourment&eacute;, laissez-le s&rsquo;exprimer sans chercher &agrave; le contenir. L&rsquo;<strong>ext&eacute;riorisation des &eacute;motions<\/strong> est primordiale chez les enfants quel que soit leur &acirc;ge. Tentez alors de dialoguer avec lui en lui montrant que vous le comprenez.<\/p>\n<h3>Compr&eacute;hension et empathie face aux besoins des enfants<\/h3>\n<\/p>\n<p>Peu importe les besoins d&rsquo;un enfant, une de vos missions est de savoir les reconna&icirc;tre et y subvenir. Il peut s&rsquo;agir de besoins physiologiques comme &eacute;ducatifs. &Ecirc;tre baby-sitter, c&rsquo;est aussi <strong>comprendre et d&eacute;chiffrer les d&eacute;sirs des enfants<\/strong> dont vous avez la garde.<\/p>\n<\/p>\n<figure><img decoding=\"async\" src=\"https:\/\/yoopies.ch\/c\/wp-content\/uploads\/sites\/10\/2024\/04\/12392b8e-d31e-467e-9456-c7bbe818954d-adobestock-346829773.jpg\" \/><\/figure>\n<p><h2>Cr&eacute;ativit&eacute; et adaptabilit&eacute; chez le <a target=\"_self\" rel=\"noopener\" href=\"https:\/\/yoopies.ch\/baby-sitter\">baby-sitter<\/a><\/h2>\n<p>Le baby-sitting d&rsquo;enfants demande une certaine cr&eacute;ativit&eacute; et adaptabilit&eacute;. Vous devez &ecirc;tre force de proposition d&rsquo;<strong>activit&eacute;s adapt&eacute;es &agrave; l&rsquo;&acirc;ge de l&rsquo;enfant<\/strong>.<\/p>\n<\/p>\n<h3>Proposer des activit&eacute;s ludiques et &eacute;ducatives adapt&eacute;es<\/h3>\n<p>Garder des enfants au domicile de leurs parents, c&rsquo;est leur pr&eacute;senter des <strong>activit&eacute;s ludiques et &eacute;ducatives<\/strong> :&nbsp;<\/p>\n<ul>\n<li>activit&eacute;s de jeux de construction ;<\/li>\n<li>activit&eacute;s manuelles de bricolage ;<\/li>\n<li>activit&eacute;s de cuisine ;<\/li>\n<li>jeux de soci&eacute;t&eacute; ;<\/li>\n<li>histoires et contes ;<\/li>\n<li>activit&eacute;s de marionnettes ;<\/li>\n<li>activit&eacute;s de langues ;<\/li>\n<li>aide aux devoirs ;<\/li>\n<li>activit&eacute;s de peinture, musique, th&eacute;&acirc;tre.<\/li>\n<\/ul>\n<h3>Avoir recours &agrave; l&rsquo;improvisation dans l&rsquo;impr&eacute;vu<\/h3>\n<\/p>\n<p>&Ecirc;tre baby-sitter exp&eacute;riment&eacute; n&eacute;cessite de <strong>parer &agrave; l&rsquo;impr&eacute;vu<\/strong>. Le m&eacute;tier de nounou demande de faire preuve de flexibilit&eacute;, de vigilance et d&rsquo;anticiper les probl&egrave;mes sous-jacents. Les parents des enfants souhaitent pouvoir compter sur un ou une baby-sitter disponible capable d&rsquo;intervenir rapidement en cas d&rsquo;impr&eacute;vus. Une nounou doit &ecirc;tre en mesure d&rsquo;adapter et de modifier son emploi du temps en fonction des exigences des parents.<\/p>\n<h2>Devenir<a target=\"_self\" rel=\"noopener\" href=\"https:\/\/yoopies.ch\/baby-sitter\"> baby-sitter<\/a> : l&rsquo;organisation<\/h2>\n<\/p>\n<p>L&rsquo;<strong>organisation et la gestion de votre temps<\/strong> avec l&rsquo;enfant est une donn&eacute;e tr&egrave;s importante pour les parents.<\/p>\n<h3>Planification et respect des horaires et routines des enfants<\/h3>\n<\/p>\n<p>La <strong>ponctualit&eacute; est une notion de poids<\/strong> dans le m&eacute;tier de baby-sitter. Il est impensable pour les parents de devoir d&eacute;caler leur emploi du temps &agrave; cause d&rsquo;une nounou en retard. Le respect et la planification des t&acirc;ches li&eacute;es aux enfants sont aussi fondamentaux. La gestion du temps pour l&rsquo;aide aux devoirs, la pr&eacute;paration du repas, le bain, le coucher demande beaucoup de rigueur. Listez toutes les choses &agrave; faire pour ne pas perturber le quotidien des enfants que vous gardez.<\/p>\n<h3>La gestion t&acirc;ches m&eacute;nag&egrave;res<\/h3>\n<\/p>\n<p>Les parents, qui vous embauchent comme baby-sitter, peuvent &ecirc;tre amen&eacute;s &agrave; vous demander de <strong>participer &agrave; quelques t&acirc;ches m&eacute;nag&egrave;res<\/strong> en plus. Nous vous recommandons de d&eacute;tailler pr&eacute;cis&eacute;ment ces points dans la limite du raisonnable. Attention ! Le m&eacute;tier de baby-sitter ne s&rsquo;apparente pas &agrave; celui de femme de m&eacute;nage :&nbsp;<\/p>\n<\/p>\n<ul>\n<li>faire quelques courses d&rsquo;appoint pendant votre promenade avec les enfants ;<\/li>\n<li>effectuer un peu de repassage durant la sieste ou apr&egrave;s le coucher des enfants ;<\/li>\n<li>s&rsquo;occuper des plantes du domicile ;<\/li>\n<li>etc.\n<\/li>\n<\/ul>\n<p><a target=\"_self\" rel=\"noopener\" href=\"https:\/\/yoopies.ch\/garde-enfant\"><strong>Devenir baby-sitter<\/strong><\/a> vous tente ? Si vous aimez le contact avec les enfants et remplissez toutes comp&eacute;tences cit&eacute;es ci-dessus, vous saurez attiser la confiance de leurs parents !<\/p>\n<\/p>\n<p><a class=\"button\" href=\"https:\/\/yoopies.ch\/registration\/childcare\">Je cherche un job de baby-sitter !<\/a><\/p>\n","protected":false},"excerpt":{"rendered":"<p>Comp&eacute;tences du baby-sitter : responsabilit&eacute; et s&eacute;curit&eacute; Pour devenir un ou une baby-sitter hors pair, &hellip; <\/p>\n","protected":false},"author":10,"featured_media":75,"parent":0,"menu_order":0,"comment_status":"closed","ping_status":"closed","template":"","meta":{"_acf_changed":false,"footnotes":""},"class_list":["post-72","page","type-page","status-publish","has-post-thumbnail","hentry"],"acf":[],"yoast_head":"<!-- This site is optimized with the Yoast SEO plugin v26.9 - https:\/\/yoast.com\/product\/yoast-seo-wordpress\/ -->\n<title>Devenir baby-sitter : quelles sont les qualit\u00e9s essentielles ?<\/title>\n<meta name=\"description\" content=\"Vous souhaitez exercer le m\u00e9tier de baby-sitter ? Yoopies vous d\u00e9voile toutes les comp\u00e9tences qui feront de vous le baby-sitter le plus convoit\u00e9.\" \/>\n<meta name=\"robots\" content=\"index, follow, max-snippet:-1, max-image-preview:large, max-video-preview:-1\" \/>\n<link rel=\"canonical\" href=\"https:\/\/yoopies.ch\/c\/devenir-baby-sitter-quelles-sont-les-qualites-essentielles\/\" \/>\n<meta property=\"og:locale\" content=\"fr_FR\" \/>\n<meta property=\"og:type\" content=\"article\" \/>\n<meta property=\"og:title\" content=\"Devenir baby-sitter : quelles sont les qualit\u00e9s essentielles ?\" \/>\n<meta property=\"og:description\" content=\"Vous souhaitez exercer le m\u00e9tier de baby-sitter ? Yoopies vous d\u00e9voile toutes les comp\u00e9tences qui feront de vous le baby-sitter le plus convoit\u00e9.\" \/>\n<meta property=\"og:url\" content=\"https:\/\/yoopies.ch\/c\/devenir-baby-sitter-quelles-sont-les-qualites-essentielles\/\" \/>\n<meta property=\"og:site_name\" content=\"Le Blog Yoopies Suisse\" \/>\n<meta property=\"article:modified_time\" content=\"2025-06-12T08:47:14+00:00\" \/>\n<meta property=\"og:image\" content=\"https:\/\/yoopies.ch\/c\/wp-content\/uploads\/sites\/10\/2024\/04\/b4a05fa1-4682-4fb0-86bc-5011c935037f-adobestock-216817335-1.jpg\" \/>\n\t<meta property=\"og:image:width\" content=\"1200\" \/>\n\t<meta property=\"og:image:height\" content=\"800\" \/>\n\t<meta property=\"og:image:type\" content=\"image\/jpeg\" \/>\n<meta name=\"twitter:card\" content=\"summary_large_image\" \/>\n<meta name=\"twitter:label1\" content=\"Dur\u00e9e de lecture estim\u00e9e\" \/>\n\t<meta name=\"twitter:data1\" content=\"7 minutes\" \/>\n<script type=\"application\/ld+json\" class=\"yoast-schema-graph\">{\"@context\":\"https:\/\/schema.org\",\"@graph\":[{\"@type\":\"WebPage\",\"@id\":\"https:\/\/yoopies.ch\/c\/devenir-baby-sitter-quelles-sont-les-qualites-essentielles\/\",\"url\":\"https:\/\/yoopies.ch\/c\/devenir-baby-sitter-quelles-sont-les-qualites-essentielles\/\",\"name\":\"Devenir baby-sitter : quelles sont les qualit\u00e9s essentielles ?\",\"isPartOf\":{\"@id\":\"https:\/\/yoopies.ch\/c\/#website\"},\"primaryImageOfPage\":{\"@id\":\"https:\/\/yoopies.ch\/c\/devenir-baby-sitter-quelles-sont-les-qualites-essentielles\/#primaryimage\"},\"image\":{\"@id\":\"https:\/\/yoopies.ch\/c\/devenir-baby-sitter-quelles-sont-les-qualites-essentielles\/#primaryimage\"},\"thumbnailUrl\":\"https:\/\/yoopies.ch\/c\/wp-content\/uploads\/sites\/10\/2024\/04\/b4a05fa1-4682-4fb0-86bc-5011c935037f-adobestock-216817335-1.jpg\",\"datePublished\":\"2024-04-28T21:35:14+00:00\",\"dateModified\":\"2025-06-12T08:47:14+00:00\",\"description\":\"Vous souhaitez exercer le m\u00e9tier de baby-sitter ? Yoopies vous d\u00e9voile toutes les comp\u00e9tences qui feront de vous le baby-sitter le plus convoit\u00e9.\",\"breadcrumb\":{\"@id\":\"https:\/\/yoopies.ch\/c\/devenir-baby-sitter-quelles-sont-les-qualites-essentielles\/#breadcrumb\"},\"inLanguage\":\"fr-FR\",\"potentialAction\":[{\"@type\":\"ReadAction\",\"target\":[\"https:\/\/yoopies.ch\/c\/devenir-baby-sitter-quelles-sont-les-qualites-essentielles\/\"]}]},{\"@type\":\"ImageObject\",\"inLanguage\":\"fr-FR\",\"@id\":\"https:\/\/yoopies.ch\/c\/devenir-baby-sitter-quelles-sont-les-qualites-essentielles\/#primaryimage\",\"url\":\"https:\/\/yoopies.ch\/c\/wp-content\/uploads\/sites\/10\/2024\/04\/b4a05fa1-4682-4fb0-86bc-5011c935037f-adobestock-216817335-1.jpg\",\"contentUrl\":\"https:\/\/yoopies.ch\/c\/wp-content\/uploads\/sites\/10\/2024\/04\/b4a05fa1-4682-4fb0-86bc-5011c935037f-adobestock-216817335-1.jpg\",\"width\":1200,\"height\":800},{\"@type\":\"BreadcrumbList\",\"@id\":\"https:\/\/yoopies.ch\/c\/devenir-baby-sitter-quelles-sont-les-qualites-essentielles\/#breadcrumb\",\"itemListElement\":[{\"@type\":\"ListItem\",\"position\":1,\"name\":\"Home\",\"item\":\"https:\/\/yoopies.ch\/c\/\"},{\"@type\":\"ListItem\",\"position\":2,\"name\":\"Les 4 qualit\u00e9s indispensables pour devenir excellent baby-sitter\"}]},{\"@type\":\"WebSite\",\"@id\":\"https:\/\/yoopies.ch\/c\/#website\",\"url\":\"https:\/\/yoopies.ch\/c\/\",\"name\":\"Le Blog Yoopies Suisse\",\"description\":\"\",\"potentialAction\":[{\"@type\":\"SearchAction\",\"target\":{\"@type\":\"EntryPoint\",\"urlTemplate\":\"https:\/\/yoopies.ch\/c\/?s={search_term_string}\"},\"query-input\":{\"@type\":\"PropertyValueSpecification\",\"valueRequired\":true,\"valueName\":\"search_term_string\"}}],\"inLanguage\":\"fr-FR\"}]}<\/script>\n<!-- \/ Yoast SEO plugin. -->","yoast_head_json":{"title":"Devenir baby-sitter : quelles sont les qualit\u00e9s essentielles ?","description":"Vous souhaitez exercer le m\u00e9tier de baby-sitter ? Yoopies vous d\u00e9voile toutes les comp\u00e9tences qui feront de vous le baby-sitter le plus convoit\u00e9.","robots":{"index":"index","follow":"follow","max-snippet":"max-snippet:-1","max-image-preview":"max-image-preview:large","max-video-preview":"max-video-preview:-1"},"canonical":"https:\/\/yoopies.ch\/c\/devenir-baby-sitter-quelles-sont-les-qualites-essentielles\/","og_locale":"fr_FR","og_type":"article","og_title":"Devenir baby-sitter : quelles sont les qualit\u00e9s essentielles ?","og_description":"Vous souhaitez exercer le m\u00e9tier de baby-sitter ? Yoopies vous d\u00e9voile toutes les comp\u00e9tences qui feront de vous le baby-sitter le plus convoit\u00e9.","og_url":"https:\/\/yoopies.ch\/c\/devenir-baby-sitter-quelles-sont-les-qualites-essentielles\/","og_site_name":"Le Blog Yoopies Suisse","article_modified_time":"2025-06-12T08:47:14+00:00","og_image":[{"width":1200,"height":800,"url":"https:\/\/yoopies.ch\/c\/wp-content\/uploads\/sites\/10\/2024\/04\/b4a05fa1-4682-4fb0-86bc-5011c935037f-adobestock-216817335-1.jpg","type":"image\/jpeg"}],"twitter_card":"summary_large_image","twitter_misc":{"Dur\u00e9e de lecture estim\u00e9e":"7 minutes"},"schema":{"@context":"https:\/\/schema.org","@graph":[{"@type":"WebPage","@id":"https:\/\/yoopies.ch\/c\/devenir-baby-sitter-quelles-sont-les-qualites-essentielles\/","url":"https:\/\/yoopies.ch\/c\/devenir-baby-sitter-quelles-sont-les-qualites-essentielles\/","name":"Devenir baby-sitter : quelles sont les qualit\u00e9s essentielles ?","isPartOf":{"@id":"https:\/\/yoopies.ch\/c\/#website"},"primaryImageOfPage":{"@id":"https:\/\/yoopies.ch\/c\/devenir-baby-sitter-quelles-sont-les-qualites-essentielles\/#primaryimage"},"image":{"@id":"https:\/\/yoopies.ch\/c\/devenir-baby-sitter-quelles-sont-les-qualites-essentielles\/#primaryimage"},"thumbnailUrl":"https:\/\/yoopies.ch\/c\/wp-content\/uploads\/sites\/10\/2024\/04\/b4a05fa1-4682-4fb0-86bc-5011c935037f-adobestock-216817335-1.jpg","datePublished":"2024-04-28T21:35:14+00:00","dateModified":"2025-06-12T08:47:14+00:00","description":"Vous souhaitez exercer le m\u00e9tier de baby-sitter ? Yoopies vous d\u00e9voile toutes les comp\u00e9tences qui feront de vous le baby-sitter le plus convoit\u00e9.","breadcrumb":{"@id":"https:\/\/yoopies.ch\/c\/devenir-baby-sitter-quelles-sont-les-qualites-essentielles\/#breadcrumb"},"inLanguage":"fr-FR","potentialAction":[{"@type":"ReadAction","target":["https:\/\/yoopies.ch\/c\/devenir-baby-sitter-quelles-sont-les-qualites-essentielles\/"]}]},{"@type":"ImageObject","inLanguage":"fr-FR","@id":"https:\/\/yoopies.ch\/c\/devenir-baby-sitter-quelles-sont-les-qualites-essentielles\/#primaryimage","url":"https:\/\/yoopies.ch\/c\/wp-content\/uploads\/sites\/10\/2024\/04\/b4a05fa1-4682-4fb0-86bc-5011c935037f-adobestock-216817335-1.jpg","contentUrl":"https:\/\/yoopies.ch\/c\/wp-content\/uploads\/sites\/10\/2024\/04\/b4a05fa1-4682-4fb0-86bc-5011c935037f-adobestock-216817335-1.jpg","width":1200,"height":800},{"@type":"BreadcrumbList","@id":"https:\/\/yoopies.ch\/c\/devenir-baby-sitter-quelles-sont-les-qualites-essentielles\/#breadcrumb","itemListElement":[{"@type":"ListItem","position":1,"name":"Home","item":"https:\/\/yoopies.ch\/c\/"},{"@type":"ListItem","position":2,"name":"Les 4 qualit\u00e9s indispensables pour devenir excellent baby-sitter"}]},{"@type":"WebSite","@id":"https:\/\/yoopies.ch\/c\/#website","url":"https:\/\/yoopies.ch\/c\/","name":"Le Blog Yoopies Suisse","description":"","potentialAction":[{"@type":"SearchAction","target":{"@type":"EntryPoint","urlTemplate":"https:\/\/yoopies.ch\/c\/?s={search_term_string}"},"query-input":{"@type":"PropertyValueSpecification","valueRequired":true,"valueName":"search_term_string"}}],"inLanguage":"fr-FR"}]}},"_links":{"self":[{"href":"https:\/\/yoopies.ch\/c\/wp-json\/wp\/v2\/pages\/72","targetHints":{"allow":["GET"]}}],"collection":[{"href":"https:\/\/yoopies.ch\/c\/wp-json\/wp\/v2\/pages"}],"about":[{"href":"https:\/\/yoopies.ch\/c\/wp-json\/wp\/v2\/types\/page"}],"author":[{"embeddable":true,"href":"https:\/\/yoopies.ch\/c\/wp-json\/wp\/v2\/users\/10"}],"replies":[{"embeddable":true,"href":"https:\/\/yoopies.ch\/c\/wp-json\/wp\/v2\/comments?post=72"}],"version-history":[{"count":1,"href":"https:\/\/yoopies.ch\/c\/wp-json\/wp\/v2\/pages\/72\/revisions"}],"predecessor-version":[{"id":76,"href":"https:\/\/yoopies.ch\/c\/wp-json\/wp\/v2\/pages\/72\/revisions\/76"}],"wp:featuredmedia":[{"embeddable":true,"href":"https:\/\/yoopies.ch\/c\/wp-json\/wp\/v2\/media\/75"}],"wp:attachment":[{"href":"https:\/\/yoopies.ch\/c\/wp-json\/wp\/v2\/media?parent=72"}],"curies":[{"name":"wp","href":"https:\/\/api.w.org\/{rel}","templated":true}]}}