{"id":81,"date":"2024-04-28T21:42:47","date_gmt":"2024-04-28T21:42:47","guid":{"rendered":"https:\/\/blog.yoopies.ch\/garde-d-animaux-pendant-les-vacances\/"},"modified":"2025-06-12T08:47:14","modified_gmt":"2025-06-12T08:47:14","slug":"garde-d-animaux-pendant-les-vacances","status":"publish","type":"page","link":"https:\/\/yoopies.ch\/c\/garde-d-animaux-pendant-les-vacances\/","title":{"rendered":"Garde d&rsquo;animaux : Partez en vacances\u00a0l&rsquo;esprit l\u00e9ger !"},"content":{"rendered":"<p><p><strong>Les vacances d&rsquo;&eacute;t&eacute; arrivent<\/strong>&nbsp;&agrave; grands pas&nbsp;mais&nbsp;<strong>votre fid&egrave;le compagnon ne peut pas se joindre &agrave; vous ?&nbsp;Quelles solutions existent pour faire garder des animaux ?<\/strong><\/p>\n<h3><\/h3>\n<h2><strong>Sommaire <\/strong><\/h2>\n<ol>\n<li><a href=\"https:\/\/#h2-2\">Faire garder des animaux pendant ses vacances <\/a><\/li>\n<li><a href=\"https:\/\/#h2-3\">La garde d&rsquo;animaux par un proche<\/a><\/li>\n<li><a href=\"https:\/\/#h2-4\">Faire garder son animal par une aide &agrave; domicile<\/a><\/li>\n<li><a href=\"https:\/\/#h2-5\">Mettre son animal en pension pour les vacances<\/a><\/li>\n<li><a href=\"https:\/\/#h2-6\">La garde d&rsquo;animaux par un pet-sitter <\/a><\/li>\n<li><a href=\"https:\/\/#h2-7\">V&eacute;rifiez la checklist pour faire garder votre animal et partez serein !<\/a><\/li>\n<\/ol>\n<figure><img decoding=\"async\" src=\"https:\/\/yoopies.ch\/c\/wp-content\/uploads\/sites\/10\/2024\/04\/2cba606c-7648-441f-85b6-44fcacd24ad8-garded27animauxc3a0domicile.jpg\" \/><\/figure>\n<p><h2><strong>Faire garder des animaux pendant ses vacances<\/strong><\/h2>\n<\/p>\n<p>Il se peut que vous ne puissiez pas emmener votre animal de compagnie lors de vos vacances ! Quelles que soient vos raisons, il existe de multiples solutions pour la garde d&rsquo;animaux &agrave; domicile. <a target=\"_blank\" rel=\"noopener\" href=\"https:\/\/yoopies.ch\/\">Yoopies <\/a>est l&agrave; pour vous permettre &agrave; vous et votre compagnon de passer ces vacances en toute s&eacute;r&eacute;nit&eacute;.<\/p>\n<h3><\/h3>\n<h2><strong>La garde d&rsquo;animaux par un proche<\/strong><\/h2>\n<\/p>\n<p>Ce premier mode de garde est certainement celui auquel on pense imm&eacute;diatement\u202f:&nbsp;<strong>demander &agrave; ses amis et &agrave; sa famille de <a target=\"_blank\" rel=\"noopener\" href=\"https:\/\/yoopies.ch\/pet-sitter\">garder des animaux<\/a> de compagnie<\/strong>. Effectivement, c&rsquo;est la solution id&eacute;ale car la plupart du temps, votre animal a d&eacute;j&agrave; vu la ou les personnes en question. Vous pouvez &eacute;galement <strong>&eacute;tendre votre cercle <\/strong>en demandant&nbsp;&agrave; toutes les personnes en qui vous avez confiance\u202f: voisins, parents d&rsquo;amis ou m&ecirc;me coll&egrave;gues de bureau.<\/p>\n<p>En &eacute;change, vous pouvez proposer &agrave; ces personnes de les aider lors de leurs vacances : par exemple vous pouvez proposer d&rsquo;arroser leurs plantes, nourrir les poissons, ou tout simplement devenir, &agrave; votre tour, un<a target=\"_self\" rel=\"noopener\" href=\"https:\/\/yoopies.ch\/pet-sitter\"> pet-sitter <\/a>pour garder leur animal de compagnie. <\/p>\n<h3><\/h3>\n<h2><strong>Faire garder son animal par une aide &agrave; domicile<\/strong><\/h2>\n<\/p>\n<p>Ce service est g&eacute;n&eacute;ralement assur&eacute; par des&nbsp;<strong>aides &agrave; domicile qui r&eacute;sident chez vous<\/strong>&nbsp;durant toute la dur&eacute;e de votre absence. Elles s&rsquo;occupent ainsi de s&rsquo;occuper de votre animal de compagnie du matin au soir : nourrir votre animal, le promener autant de fois que n&eacute;cessaire, le coucher et m&ecirc;me dormir avec lui ! La mise en relation est garantie par des sites comme Yoopies qui v&eacute;rifient la fiabilit&eacute; des <a target=\"_self\" rel=\"noopener\" href=\"https:\/\/yoopies.ch\/pet-sitter\">petsitters<\/a>. Cette solution est parfaite pour les animaux qui, habitu&eacute;s &agrave; leur confort, ne pr&eacute;f&egrave;rent pas changer d&rsquo;environnement et se familiariser avec un nouveau milieu. <\/p>\n<p>Bien qu&rsquo;ils soient gard&eacute;s par des inconnus,<strong>&nbsp;ils restent dans leur maison<\/strong>&nbsp;en bonne compagnie et par cons&eacute;quent, ne perdent pas leurs rep&egrave;res. <\/p>\n<h3><\/h3>\n<h2><strong>Mettre son animal en pension pour les vacances<\/strong><\/h2>\n<\/p>\n<p>Les pensions pour la garde d&rsquo;animaux sont&nbsp;<strong>g&eacute;r&eacute;es par des professionnels de la gestion des animaux<\/strong>&nbsp;qui suivent des consignes pr&eacute;cises pour\u202ftous les besoins de l&rsquo;animal de compagnie &agrave; savoir l&rsquo;alimentation, les soins, les jeux, les promenades&hellip;<\/p>\n<p>Afin de choisir la pension qui vous conviendra, &agrave; vous et &agrave; votre animal, il est conseill&eacute; de&nbsp;<strong>contacter plusieurs pensions et surtout de vous rendre sur place<\/strong>. <\/p>\n<p>Cela vous permettra de v&eacute;rifier\u202fla propret&eacute; de la pension, la taille des boxes et &eacute;galement des lieux de vie, l&rsquo;ext&eacute;rieur, la s&eacute;curit&eacute; des espaces, la temp&eacute;rature et voir le nombre de personnes qui y travaille. Il est important de v&eacute;rifier que la pension poss&egrave;de bien <strong>un agr&eacute;ment de la pr&eacute;fecture pour <\/strong>l&rsquo;exercice de la garde d&rsquo;animaux. Contactez la DDPP (Direction D&eacute;partementale de la Protection des Populations) de votre d&eacute;partement si vous souhaitez v&eacute;rifier l&rsquo;agr&eacute;ment de la pension.<\/p>\n<p>Egalement, pensez &agrave; v&eacute;rifier que votre animal soit &agrave; jour de ses vaccins et de ses traitements antiparasitaires et vermifuges.<\/p>\n<p>Pensez enfin &agrave; demander &agrave; la pension un contrat dans lequel y figurera toutes les prestations, et qui correspondra &agrave; la dur&eacute;e exacte de la garde de votre animal\u202f de compagnie. <\/p>\n<h3><\/h3>\n<h2><strong>La garde d&rsquo;animaux par un pet-sitter<\/strong><\/h2>\n<\/p>\n<p>Un pet-sitter est&nbsp;<strong>un particulier r&eacute;mun&eacute;r&eacute; pour se rendre &agrave; votre domicile<\/strong>&nbsp;pour nourrir, jouer, c&acirc;liner, visiter ou promener votre animal de compagnie aux heures et &agrave; la fr&eacute;quence que vous souhaitez. Un pet-sitter peut &ecirc;tre un <a target=\"_blank\" rel=\"noopener\" href=\"https:\/\/yoopies.ch\/garde-de-chat\">cat-sitter <\/a>pour la garde chat, <a target=\"_blank\" rel=\"noopener\" href=\"https:\/\/yoopies.ch\/garde-de-chien\">dog-sitter <\/a>pour la garde chien, ou m&ecirc;me un <a target=\"_blank\" rel=\"noopener\" href=\"https:\/\/yoopies.ch\/garde-autres-animaux\">garde NAC<\/a> (rongeurs, carnivores, reptiles, arthropodes, amphibiens). <\/p>\n<p>Vous cherchez &agrave; trouver le dog-sitter id&eacute;al pour les vacances de votre animal ? <a target=\"_blank\" rel=\"noopener\" href=\"https:\/\/yoopies.ch\/c\/garde-de-chien-pendant-les-vacances\">Pour savoir comment faire garder son chien pendant les vacances, consultez cet article ! <\/a><\/p>\n<p>Bonne nouvelle,&nbsp;<strong>nos pet-sitters sont disponibles sur Yoopies&nbsp;<\/strong>pour&nbsp;garder&nbsp;vos&nbsp;animaux&nbsp;de compagnie&nbsp;!&nbsp;<strong>\ud83d\udc08<br \/>\n<\/strong>Pour vous aider &agrave; faire le premier pas,&nbsp;l<strong>a premi&egrave;re heure de garde est gratuite.&nbsp;<\/strong>Respirez, les vacances peuvent enfin commencer !<\/p>\n<\/p>\n<h2><strong>V&eacute;rifiez la checklist pour faire garder votre animal et partez serein ! <\/strong><\/h2>\n<\/p>\n<p>Quelle que soit la forme de garde d&rsquo;animaux que vous avez choisie, v&eacute;rifiez que tout soit pr&ecirc;t pour ses vacances gr&acirc;ce &agrave; cette checklist !<\/p>\n<ul>\n<li><strong>Remettez la carte d&rsquo;identification et le carnet de sant&eacute;<\/strong>&nbsp;de votre animal &agrave; la\/le pet-sitter. Si besoin, prenez une copie avec vous afin d&rsquo;&ecirc;tre en mesure d&rsquo;apporter des informations m&ecirc;me pendant vos vacances loin de votre animal.<\/li>\n<li>Pensez &agrave; donner au petsitter <strong>le num&eacute;ro de t&eacute;l&eacute;phone de votre v&eacute;t&eacute;rinaire<\/strong>&nbsp;et celui d&rsquo;un autre cabinet si le premier est indisponible.<\/li>\n<li>Laissez-lui &eacute;galement&nbsp;<strong>le num&eacute;ro de t&eacute;l&eacute;phone de votre h&ocirc;tel dans lequel vous serez en vacances <\/strong>afin que vous soyez joignable si jamais vous n&rsquo;avez pas de r&eacute;seau.<\/li>\n<li>Nous vous recommandons de&nbsp;<strong>signer une attestation de prise en charge<\/strong>&nbsp;avec le petsitter si ce dernier est un particulier que vous ne connaissiez pas avant.<\/li>\n<li>Enfin,&nbsp;<strong>communiquez avec le persitter les habitudes de votre animal<\/strong>&nbsp;et toutes les autres indications n&eacute;cessaires pour un petsitting remarquable\u202f: dosage du lait ou des croquettes, dur&eacute;e des sorties, c&acirc;lins du soir&hellip;<\/li>\n<\/ul>\n<p>De nombreuses solutions existent pour la garde animaux. Demandez &agrave; la petsitter qui garde votre animal de vous envoyer des photos r&eacute;guli&egrave;rement par exemple, <strong>de vous donner des nouvelles<\/strong>, et partez serein ! <\/p>\n<\/p>\n<p><a class=\"button\" href=\"https:\/\/yoopies.ch\/garde-animaux\">1h de garde offerte pour votre compagnon !\u00a0Rendez-vous sur votre espace Yoopies<\/a><\/p>\n","protected":false},"excerpt":{"rendered":"<p>Les vacances d&rsquo;&eacute;t&eacute; arrivent&nbsp;&agrave; grands pas&nbsp;mais&nbsp;votre fid&egrave;le compagnon ne peut pas se joindre &agrave; vous &hellip; <\/p>\n","protected":false},"author":10,"featured_media":83,"parent":0,"menu_order":0,"comment_status":"closed","ping_status":"closed","template":"","meta":{"_acf_changed":false,"footnotes":""},"class_list":["post-81","page","type-page","status-publish","has-post-thumbnail","hentry"],"acf":[],"yoast_head":"<!-- This site is optimized with the Yoast SEO plugin v26.9 - https:\/\/yoast.com\/product\/yoast-seo-wordpress\/ -->\n<title>Garde d&#039;animaux pendant les vacances !<\/title>\n<meta name=\"description\" content=\"De multiples solutions pour la garde d&#039;animaux \u00e0 domicile existent ! Yoopies est l\u00e0 pour vous permettre \u00e0 vous et votre compagnon de passer ces vacances en toute s\u00e9r\u00e9nit\u00e9.\" \/>\n<meta name=\"robots\" content=\"index, follow, max-snippet:-1, max-image-preview:large, max-video-preview:-1\" \/>\n<link rel=\"canonical\" href=\"https:\/\/yoopies.ch\/c\/garde-d-animaux-pendant-les-vacances\/\" \/>\n<meta property=\"og:locale\" content=\"fr_FR\" \/>\n<meta property=\"og:type\" content=\"article\" \/>\n<meta property=\"og:title\" content=\"Garde d&#039;animaux pendant les vacances !\" \/>\n<meta property=\"og:description\" content=\"De multiples solutions pour la garde d&#039;animaux \u00e0 domicile existent ! Yoopies est l\u00e0 pour vous permettre \u00e0 vous et votre compagnon de passer ces vacances en toute s\u00e9r\u00e9nit\u00e9.\" \/>\n<meta property=\"og:url\" content=\"https:\/\/yoopies.ch\/c\/garde-d-animaux-pendant-les-vacances\/\" \/>\n<meta property=\"og:site_name\" content=\"Le Blog Yoopies Suisse\" \/>\n<meta property=\"article:modified_time\" content=\"2025-06-12T08:47:14+00:00\" \/>\n<meta property=\"og:image\" content=\"https:\/\/yoopies.ch\/c\/wp-content\/uploads\/sites\/10\/2024\/04\/2cba606c-7648-441f-85b6-44fcacd24ad8-garded27animauxc3a0domicile-1.jpg\" \/>\n\t<meta property=\"og:image:width\" content=\"1200\" \/>\n\t<meta property=\"og:image:height\" content=\"800\" \/>\n\t<meta property=\"og:image:type\" content=\"image\/jpeg\" \/>\n<meta name=\"twitter:card\" content=\"summary_large_image\" \/>\n<meta name=\"twitter:label1\" content=\"Dur\u00e9e de lecture estim\u00e9e\" \/>\n\t<meta name=\"twitter:data1\" content=\"6 minutes\" \/>\n<script type=\"application\/ld+json\" class=\"yoast-schema-graph\">{\"@context\":\"https:\/\/schema.org\",\"@graph\":[{\"@type\":\"WebPage\",\"@id\":\"https:\/\/yoopies.ch\/c\/garde-d-animaux-pendant-les-vacances\/\",\"url\":\"https:\/\/yoopies.ch\/c\/garde-d-animaux-pendant-les-vacances\/\",\"name\":\"Garde d'animaux pendant les vacances !\",\"isPartOf\":{\"@id\":\"https:\/\/yoopies.ch\/c\/#website\"},\"primaryImageOfPage\":{\"@id\":\"https:\/\/yoopies.ch\/c\/garde-d-animaux-pendant-les-vacances\/#primaryimage\"},\"image\":{\"@id\":\"https:\/\/yoopies.ch\/c\/garde-d-animaux-pendant-les-vacances\/#primaryimage\"},\"thumbnailUrl\":\"https:\/\/yoopies.ch\/c\/wp-content\/uploads\/sites\/10\/2024\/04\/2cba606c-7648-441f-85b6-44fcacd24ad8-garded27animauxc3a0domicile-1.jpg\",\"datePublished\":\"2024-04-28T21:42:47+00:00\",\"dateModified\":\"2025-06-12T08:47:14+00:00\",\"description\":\"De multiples solutions pour la garde d'animaux \u00e0 domicile existent ! Yoopies est l\u00e0 pour vous permettre \u00e0 vous et votre compagnon de passer ces vacances en toute s\u00e9r\u00e9nit\u00e9.\",\"breadcrumb\":{\"@id\":\"https:\/\/yoopies.ch\/c\/garde-d-animaux-pendant-les-vacances\/#breadcrumb\"},\"inLanguage\":\"fr-FR\",\"potentialAction\":[{\"@type\":\"ReadAction\",\"target\":[\"https:\/\/yoopies.ch\/c\/garde-d-animaux-pendant-les-vacances\/\"]}]},{\"@type\":\"ImageObject\",\"inLanguage\":\"fr-FR\",\"@id\":\"https:\/\/yoopies.ch\/c\/garde-d-animaux-pendant-les-vacances\/#primaryimage\",\"url\":\"https:\/\/yoopies.ch\/c\/wp-content\/uploads\/sites\/10\/2024\/04\/2cba606c-7648-441f-85b6-44fcacd24ad8-garded27animauxc3a0domicile-1.jpg\",\"contentUrl\":\"https:\/\/yoopies.ch\/c\/wp-content\/uploads\/sites\/10\/2024\/04\/2cba606c-7648-441f-85b6-44fcacd24ad8-garded27animauxc3a0domicile-1.jpg\",\"width\":1200,\"height\":800},{\"@type\":\"BreadcrumbList\",\"@id\":\"https:\/\/yoopies.ch\/c\/garde-d-animaux-pendant-les-vacances\/#breadcrumb\",\"itemListElement\":[{\"@type\":\"ListItem\",\"position\":1,\"name\":\"Home\",\"item\":\"https:\/\/yoopies.ch\/c\/\"},{\"@type\":\"ListItem\",\"position\":2,\"name\":\"Garde d&rsquo;animaux : Partez en vacances\u00a0l&rsquo;esprit l\u00e9ger !\"}]},{\"@type\":\"WebSite\",\"@id\":\"https:\/\/yoopies.ch\/c\/#website\",\"url\":\"https:\/\/yoopies.ch\/c\/\",\"name\":\"Le Blog Yoopies Suisse\",\"description\":\"\",\"potentialAction\":[{\"@type\":\"SearchAction\",\"target\":{\"@type\":\"EntryPoint\",\"urlTemplate\":\"https:\/\/yoopies.ch\/c\/?s={search_term_string}\"},\"query-input\":{\"@type\":\"PropertyValueSpecification\",\"valueRequired\":true,\"valueName\":\"search_term_string\"}}],\"inLanguage\":\"fr-FR\"}]}<\/script>\n<!-- \/ Yoast SEO plugin. -->","yoast_head_json":{"title":"Garde d'animaux pendant les vacances !","description":"De multiples solutions pour la garde d'animaux \u00e0 domicile existent ! Yoopies est l\u00e0 pour vous permettre \u00e0 vous et votre compagnon de passer ces vacances en toute s\u00e9r\u00e9nit\u00e9.","robots":{"index":"index","follow":"follow","max-snippet":"max-snippet:-1","max-image-preview":"max-image-preview:large","max-video-preview":"max-video-preview:-1"},"canonical":"https:\/\/yoopies.ch\/c\/garde-d-animaux-pendant-les-vacances\/","og_locale":"fr_FR","og_type":"article","og_title":"Garde d'animaux pendant les vacances !","og_description":"De multiples solutions pour la garde d'animaux \u00e0 domicile existent ! Yoopies est l\u00e0 pour vous permettre \u00e0 vous et votre compagnon de passer ces vacances en toute s\u00e9r\u00e9nit\u00e9.","og_url":"https:\/\/yoopies.ch\/c\/garde-d-animaux-pendant-les-vacances\/","og_site_name":"Le Blog Yoopies Suisse","article_modified_time":"2025-06-12T08:47:14+00:00","og_image":[{"width":1200,"height":800,"url":"https:\/\/yoopies.ch\/c\/wp-content\/uploads\/sites\/10\/2024\/04\/2cba606c-7648-441f-85b6-44fcacd24ad8-garded27animauxc3a0domicile-1.jpg","type":"image\/jpeg"}],"twitter_card":"summary_large_image","twitter_misc":{"Dur\u00e9e de lecture estim\u00e9e":"6 minutes"},"schema":{"@context":"https:\/\/schema.org","@graph":[{"@type":"WebPage","@id":"https:\/\/yoopies.ch\/c\/garde-d-animaux-pendant-les-vacances\/","url":"https:\/\/yoopies.ch\/c\/garde-d-animaux-pendant-les-vacances\/","name":"Garde d'animaux pendant les vacances !","isPartOf":{"@id":"https:\/\/yoopies.ch\/c\/#website"},"primaryImageOfPage":{"@id":"https:\/\/yoopies.ch\/c\/garde-d-animaux-pendant-les-vacances\/#primaryimage"},"image":{"@id":"https:\/\/yoopies.ch\/c\/garde-d-animaux-pendant-les-vacances\/#primaryimage"},"thumbnailUrl":"https:\/\/yoopies.ch\/c\/wp-content\/uploads\/sites\/10\/2024\/04\/2cba606c-7648-441f-85b6-44fcacd24ad8-garded27animauxc3a0domicile-1.jpg","datePublished":"2024-04-28T21:42:47+00:00","dateModified":"2025-06-12T08:47:14+00:00","description":"De multiples solutions pour la garde d'animaux \u00e0 domicile existent ! Yoopies est l\u00e0 pour vous permettre \u00e0 vous et votre compagnon de passer ces vacances en toute s\u00e9r\u00e9nit\u00e9.","breadcrumb":{"@id":"https:\/\/yoopies.ch\/c\/garde-d-animaux-pendant-les-vacances\/#breadcrumb"},"inLanguage":"fr-FR","potentialAction":[{"@type":"ReadAction","target":["https:\/\/yoopies.ch\/c\/garde-d-animaux-pendant-les-vacances\/"]}]},{"@type":"ImageObject","inLanguage":"fr-FR","@id":"https:\/\/yoopies.ch\/c\/garde-d-animaux-pendant-les-vacances\/#primaryimage","url":"https:\/\/yoopies.ch\/c\/wp-content\/uploads\/sites\/10\/2024\/04\/2cba606c-7648-441f-85b6-44fcacd24ad8-garded27animauxc3a0domicile-1.jpg","contentUrl":"https:\/\/yoopies.ch\/c\/wp-content\/uploads\/sites\/10\/2024\/04\/2cba606c-7648-441f-85b6-44fcacd24ad8-garded27animauxc3a0domicile-1.jpg","width":1200,"height":800},{"@type":"BreadcrumbList","@id":"https:\/\/yoopies.ch\/c\/garde-d-animaux-pendant-les-vacances\/#breadcrumb","itemListElement":[{"@type":"ListItem","position":1,"name":"Home","item":"https:\/\/yoopies.ch\/c\/"},{"@type":"ListItem","position":2,"name":"Garde d&rsquo;animaux : Partez en vacances\u00a0l&rsquo;esprit l\u00e9ger !"}]},{"@type":"WebSite","@id":"https:\/\/yoopies.ch\/c\/#website","url":"https:\/\/yoopies.ch\/c\/","name":"Le Blog Yoopies Suisse","description":"","potentialAction":[{"@type":"SearchAction","target":{"@type":"EntryPoint","urlTemplate":"https:\/\/yoopies.ch\/c\/?s={search_term_string}"},"query-input":{"@type":"PropertyValueSpecification","valueRequired":true,"valueName":"search_term_string"}}],"inLanguage":"fr-FR"}]}},"_links":{"self":[{"href":"https:\/\/yoopies.ch\/c\/wp-json\/wp\/v2\/pages\/81","targetHints":{"allow":["GET"]}}],"collection":[{"href":"https:\/\/yoopies.ch\/c\/wp-json\/wp\/v2\/pages"}],"about":[{"href":"https:\/\/yoopies.ch\/c\/wp-json\/wp\/v2\/types\/page"}],"author":[{"embeddable":true,"href":"https:\/\/yoopies.ch\/c\/wp-json\/wp\/v2\/users\/10"}],"replies":[{"embeddable":true,"href":"https:\/\/yoopies.ch\/c\/wp-json\/wp\/v2\/comments?post=81"}],"version-history":[{"count":1,"href":"https:\/\/yoopies.ch\/c\/wp-json\/wp\/v2\/pages\/81\/revisions"}],"predecessor-version":[{"id":84,"href":"https:\/\/yoopies.ch\/c\/wp-json\/wp\/v2\/pages\/81\/revisions\/84"}],"wp:featuredmedia":[{"embeddable":true,"href":"https:\/\/yoopies.ch\/c\/wp-json\/wp\/v2\/media\/83"}],"wp:attachment":[{"href":"https:\/\/yoopies.ch\/c\/wp-json\/wp\/v2\/media?parent=81"}],"curies":[{"name":"wp","href":"https:\/\/api.w.org\/{rel}","templated":true}]}}